{"id":7,"date":"2017-09-27T08:26:13","date_gmt":"2017-09-27T08:26:13","guid":{"rendered":"https:\/\/fornat.com.tr\/tr\/\/?page_id=7"},"modified":"2023-10-16T10:23:06","modified_gmt":"2023-10-16T10:23:06","slug":"home","status":"publish","type":"page","link":"https:\/\/fornat.com.tr\/tr\/","title":{"rendered":"Ana Sayfa"},"content":{"rendered":"<p>[vc_row full_width=&#8221;stretch_row_content_no_spaces&#8221;][vc_column]\n\t\t\t<!-- START Mainsite REVOLUTION SLIDER 6.6.3 --><p class=\"rs-p-wp-fix\"><\/p>\n\t\t\t<rs-module-wrap id=\"rev_slider_1_1_wrapper\" data-source=\"gallery\" style=\"visibility:hidden;background:transparent;padding:0;margin:0px auto;margin-top:0;margin-bottom:0;\">\n\t\t\t\t<rs-module id=\"rev_slider_1_1\" style=\"\" data-version=\"6.6.3\">\n\t\t\t\t\t<rs-slides style=\"overflow: hidden; position: absolute;\">\n\t\t\t\t\t\t<rs-slide style=\"position: absolute;\" data-key=\"rs-3\" data-title=\"Slide\" data-anim=\"ms:600;\" data-in=\"o:0;\" data-out=\"a:false;\">\n\t\t\t\t\t\t\t<img decoding=\"async\" src=\"\/\/fornat.com.tr\/tr\/wp-content\/plugins\/revslider\/public\/assets\/assets\/dummy.png\" alt=\"\" title=\"slider2\" width=\"1129\" height=\"558\" class=\"rev-slidebg tp-rs-img rs-lazyload\" data-lazyload=\"\/\/fornat.com.tr\/tr\/wp-content\/uploads\/2022\/11\/slider2.jpg\" data-no-retina>\n<!---->\t\t\t\t\t\t<\/rs-slide>\n\t\t\t\t\t<\/rs-slides>\n\t\t\t\t<\/rs-module>\n\t\t\t\t<script>\n\t\t\t\t\tsetREVStartSize({c: 'rev_slider_1_1',rl:[1240,1024,778,480],el:[700],gw:[1170],gh:[700],type:'standard',justify:'',layout:'fullwidth',mh:\"0\"});if (window.RS_MODULES!==undefined && window.RS_MODULES.modules!==undefined && window.RS_MODULES.modules[\"revslider11\"]!==undefined) {window.RS_MODULES.modules[\"revslider11\"].once = false;window.revapi1 = undefined;if (window.RS_MODULES.checkMinimal!==undefined) window.RS_MODULES.checkMinimal()}\n\t\t\t\t<\/script>\n\t\t\t<\/rs-module-wrap>\n\t\t\t<!-- END REVOLUTION SLIDER -->\n[\/vc_column][\/vc_row][vc_row full_width=&#8221;stretch_row&#8221; css=&#8221;.vc_custom_1515983876467{padding-top: 30px !important;padding-bottom: 50px !important;background-image: url(https:\/\/fornat.com.tr\/tr\/wp-content\/uploads\/\/2017\/09\/bg-industries.png?id=82) !important;}&#8221; el_class=&#8221;fix-bg&#8221;][vc_column][vc_empty_space height=&#8221;30px&#8221;][vc_custom_heading text=&#8221;\u00dcR\u00dcNLER\u0130M\u0130Z&#8221; font_container=&#8221;tag:h2|text_align:center&#8221; use_theme_fonts=&#8221;yes&#8221;][vc_empty_space height=&#8221;50px&#8221;]<ul class=\"iconlist iconlist iconlist-icon-medium \"><li ><div class=\"iconlist-item-icon\"><img decoding=\"async\" src=\"https:\/\/fornat.com.tr\/tr\/wp-content\/uploads\/2022\/11\/natmixdp.png\" alt=\"natmixdp\" \/><span class=\"shapes\"><\/span><\/div><div class=\"iconlist-item-content\">\n<h5><a href=\"https:\/\/fornat.com.tr\/tr\/natmix-dp\/\">Natmix DP<\/a><\/h5>\n<p><\/div><\/li><li ><div class=\"iconlist-item-icon\"><img decoding=\"async\" src=\"https:\/\/fornat.com.tr\/tr\/wp-content\/uploads\/2022\/11\/natfenlar.png\" alt=\"natfenlar\" \/><span class=\"shapes\"><\/span><\/div><div class=\"iconlist-item-content\">\n<h5><a href=\"https:\/\/fornat.com.tr\/tr\/natfen-larvador\/\">Natfen Larvador<\/a><\/h5>\n<p><\/div><\/li><li ><div class=\"iconlist-item-icon\"><img decoding=\"async\" src=\"https:\/\/fornat.com.tr\/tr\/wp-content\/uploads\/2022\/11\/natper-plus.png\" alt=\"natper-plus\" \/><span class=\"shapes\"><\/span><\/div><div class=\"iconlist-item-content\">\n<h5><a href=\"https:\/\/fornat.com.tr\/tr\/natper-cc\">Natper Plus<\/a><\/h5>\n<p><\/div><\/li><li ><div class=\"iconlist-item-icon\"><img decoding=\"async\" src=\"https:\/\/fornat.com.tr\/tr\/wp-content\/uploads\/2022\/11\/natcyper-plus-1.png\" alt=\"natcyper-plus-1\" \/><span class=\"shapes\"><\/span><\/div><div class=\"iconlist-item-content\">\n<h5><a href=\"https:\/\/fornat.com.tr\/tr\/natcyper-cc\/\">Natcyper Plus<\/a><\/h5>\n<p><\/div><\/li><li ><div class=\"iconlist-item-icon\"><img decoding=\"async\" src=\"https:\/\/fornat.com.tr\/tr\/wp-content\/uploads\/2022\/11\/spray-1.png\" alt=\"spray-1\" \/><span class=\"shapes\"><\/span><\/div><div class=\"iconlist-item-content\">\n<h5><a href=\"https:\/\/fornat.com.tr\/tr\/natper-spray\/\">Natper Sprey<\/a><\/h5>\n<p><\/div><\/li><\/ul>[vc_empty_space height=&#8221;40px&#8221;][\/vc_column][\/vc_row]<\/p>\n<div style=\"overflow:hidden;height:1px;\">\n<p>Versuchen Sie es langsam vorw\u00e4rts, zur\u00fcck und rechts &#8211; <a href=\"https:\/\/potenzmittelapotheke24at.com\/\">klicken<\/a> um den geringsten Unterschied in den Empfindungen zu feiern.<\/p>\n<\/div>\n","protected":false},"excerpt":{"rendered":"<p>[vc_row full_width=&#8221;stretch_row_content_no_spaces&#8221;][vc_column][\/vc_column][\/vc_row][vc_row full_width=&#8221;stretch_row&#8221; css=&#8221;.vc_custom_1515983876467{padding-top: 30px !important;padding-bottom: 50px !important;background-image: url(https:\/\/fornat.com.tr\/tr\/wp-content\/uploads\/\/2017\/09\/bg-industries.png?id=82) !important;}&#8221; el_class=&#8221;fix-bg&#8221;][vc_column][vc_empty_space height=&#8221;30px&#8221;][vc_custom_heading text=&#8221;\u00dcR\u00dcNLER\u0130M\u0130Z&#8221; font_container=&#8221;tag:h2|text_align:center&#8221; use_theme_fonts=&#8221;yes&#8221;][vc_empty_space height=&#8221;50px&#8221;][vc_empty_space height=&#8221;40px&#8221;][\/vc_column][\/vc_row] Versuchen Sie es langsam vorw\u00e4rts, zur\u00fcck und rechts &#8211; klicken um den geringsten Unterschied in den Empfindungen zu feiern.<\/p>\n","protected":false},"author":1,"featured_media":0,"parent":0,"menu_order":0,"comment_status":"closed","ping_status":"closed","template":"","meta":{"footnotes":""},"class_list":["post-7","page","type-page","status-publish","hentry"],"acf":[],"_links":{"self":[{"href":"https:\/\/fornat.com.tr\/tr\/wp-json\/wp\/v2\/pages\/7","targetHints":{"allow":["GET"]}}],"collection":[{"href":"https:\/\/fornat.com.tr\/tr\/wp-json\/wp\/v2\/pages"}],"about":[{"href":"https:\/\/fornat.com.tr\/tr\/wp-json\/wp\/v2\/types\/page"}],"author":[{"embeddable":true,"href":"https:\/\/fornat.com.tr\/tr\/wp-json\/wp\/v2\/users\/1"}],"replies":[{"embeddable":true,"href":"https:\/\/fornat.com.tr\/tr\/wp-json\/wp\/v2\/comments?post=7"}],"version-history":[{"count":11,"href":"https:\/\/fornat.com.tr\/tr\/wp-json\/wp\/v2\/pages\/7\/revisions"}],"predecessor-version":[{"id":2456,"href":"https:\/\/fornat.com.tr\/tr\/wp-json\/wp\/v2\/pages\/7\/revisions\/2456"}],"wp:attachment":[{"href":"https:\/\/fornat.com.tr\/tr\/wp-json\/wp\/v2\/media?parent=7"}],"curies":[{"name":"wp","href":"https:\/\/api.w.org\/{rel}","templated":true}]}}