{"id":264,"date":"2017-10-02T02:55:16","date_gmt":"2017-10-02T02:55:16","guid":{"rendered":"https:\/\/fornat.com.tr\/tr\/\/?page_id=264"},"modified":"2018-01-11T03:44:18","modified_gmt":"2018-01-11T03:44:18","slug":"media-entertainment","status":"publish","type":"page","link":"https:\/\/fornat.com.tr\/tr\/all-industries\/media-entertainment\/","title":{"rendered":"Media &#038; Entertainment"},"content":{"rendered":"<p>[vc_row][vc_column][vc_single_image image=&#8221;312&#8243; img_size=&#8221;1280&#215;600&#8243;][vc_empty_space height=&#8221;10px&#8221;][vc_column_text]<\/p>\n<h3>From on-demand media to digital distribution, media &amp; entertainment leaders choose us to help them work better and work differently.<\/h3>\n<p>Whether it&#8217;s digital asset management, content management, or anti-piracy challenges, GLB is redefining the way media &amp; entertainment companies benefit from global services.[\/vc_column_text][vc_empty_space height=&#8221;40px&#8221;][\/vc_column][\/vc_row][vc_row][vc_column][vc_separator color=&#8221;custom&#8221; accent_color=&#8221;rgba(2,6,32,0.1)&#8221;][vc_empty_space height=&#8221;50px&#8221;][\/vc_column][\/vc_row][vc_row][vc_column width=&#8221;1\/4&#8243;][vc_custom_heading text=&#8221;We Serve&#8221; font_container=&#8221;tag:h3|text_align:left&#8221; use_theme_fonts=&#8221;yes&#8221;][vc_empty_space height=&#8221;20px&#8221;][\/vc_column][vc_column width=&#8221;3\/4&#8243;][vc_row_inner][vc_column_inner width=&#8221;1\/2&#8243;][vc_column_text]<\/p>\n<h5 class=\"no-margin-top\"><span style=\"color: #f46137;\">Advertising<\/span><\/h5>\n<p>Staying ahead of the curve with our digital advertising, direct marketing and asset management solutions for creative[\/vc_column_text][vc_empty_space height=&#8221;40px&#8221;][\/vc_column_inner][vc_column_inner width=&#8221;1\/2&#8243;][vc_column_text]<\/p>\n<h5 class=\"no-margin-top\"><span style=\"color: #3366ff;\">Music<br \/>\n<\/span><\/h5>\n<p>IDriving efficiencies in digital content distribution and mobile music.[\/vc_column_text][vc_empty_space height=&#8221;40px&#8221;][\/vc_column_inner][\/vc_row_inner][vc_row_inner][vc_column_inner width=&#8221;1\/2&#8243;][vc_column_text]<\/p>\n<h5 class=\"no-margin-top\"><span style=\"color: #008080;\">Gaming<\/span><\/h5>\n<p>Advancing your game to the next level with innovative customer experience solutions that help deliver efficient, cost-effective.[\/vc_column_text][vc_empty_space height=&#8221;40px&#8221;][\/vc_column_inner][vc_column_inner width=&#8221;1\/2&#8243;][vc_column_text]<\/p>\n<h5 class=\"no-margin-top\"><span style=\"color: #339966;\">Filmed Entertainment<\/span><\/h5>\n<p>Helping studio and entertainment companies accelerate transformation while optimizing legacy business models is one way we.[\/vc_column_text][vc_empty_space height=&#8221;40px&#8221;][\/vc_column_inner][\/vc_row_inner][\/vc_column][\/vc_row][vc_row][vc_column][vc_separator color=&#8221;custom&#8221; accent_color=&#8221;rgba(2,6,32,0.1)&#8221;][vc_empty_space height=&#8221;50px&#8221;][\/vc_column][\/vc_row][vc_row][vc_column width=&#8221;1\/4&#8243;][vc_custom_heading text=&#8221;Solutions&#8221; font_container=&#8221;tag:h3|text_align:left&#8221; use_theme_fonts=&#8221;yes&#8221;][vc_empty_space height=&#8221;20px&#8221;][\/vc_column][vc_column width=&#8221;3\/4&#8243;][vc_column_text]Learn more about our pre-built solutions and consulting services well suited to M&amp;E companies.[\/vc_column_text][vc_empty_space height=&#8221;30px&#8221;][vc_row_inner][vc_column_inner width=&#8221;1\/2&#8243;][vc_column_text]<\/p>\n<h5 class=\"no-margin-top\">Enabling Content Transformation in the Digital\u2011Age<\/h5>\n<p>GLB ContentWorks facilitates transformation of content ecosystems to address challenges of an increasingly digitalized and global content industry; using Automation, Platforms and Digital.[\/vc_column_text][vc_empty_space height=&#8221;40px&#8221;][\/vc_column_inner][vc_column_inner width=&#8221;1\/2&#8243;][vc_empty_space height=&#8221;5px&#8221;][vc_video][vc_empty_space height=&#8221;40px&#8221;][\/vc_column_inner][\/vc_row_inner][\/vc_column][\/vc_row][vc_row][vc_column][vc_separator color=&#8221;custom&#8221; accent_color=&#8221;rgba(2,6,32,0.1)&#8221;][vc_empty_space height=&#8221;50px&#8221;][\/vc_column][\/vc_row][vc_row][vc_column width=&#8221;1\/4&#8243;][vc_custom_heading text=&#8221;Our Thinking&#8221; font_container=&#8221;tag:h3|text_align:left&#8221; use_theme_fonts=&#8221;yes&#8221;][vc_empty_space height=&#8221;20px&#8221;][\/vc_column][vc_column width=&#8221;3\/4&#8243;]\n\t<div class=\"blog-shortcode  has-post-content post-thumbnail-cover\">\n\t\t\n\t\t<div class=\"blog-entries\">\n\t\t\t\t\t\t\t<div class=\"entries-wrapper content-inner blog-grid\" data-grid=\"{&quot;itemSelector&quot;:&quot;.post&quot;}\" data-columns=\"2\">\n\t\t\t\t\t\t\t\t\t\t\t\n\t\t\t\t<div class=\"post post-2136 type-post status-publish format-standard hentry category-uncategorized\">\n\t\t\t\t\t<div class=\"post-inner\">\t\t\n\t\t\t\t\t\t\t\t\t\t\t\t\t\n\t\t\t\t\t\t\t\n\t\t\t\t\t\t\t\t<div class=\"post-image\">\n\t\t\t\t\t\t\t\t\t<span class=\"\">\n\t\t\t\t\t\t\t\t\t\t\t\t\t\t\t\t\t\t\t<\/span>\n\t\t\t\t\t\t\t\t<\/div>\n\n\t\t\t\t\t\t\t\n\t\t\t\t\t\t\n\t\t\t\t\t\t\n\t\t\t\t\t\t\t\t\t\t\t\t\n\t\t\t\t\t\t\t<div class=\"post-content\">\n\t\t\t\t\t\t\t\t<p>\n\t\t\t\t\t\t\t\t\tMostbet T\u00fcrkiye i\u00e7in en g\u00fcvenilir bahis ve casino sites\nBahis \u015firketi ayr\u0131ca canl\u0131 bahis de sunar, b...\t\t\t\t\t\t\t\t<\/p>\n\n\t\t\t\t\t\t\t\t\t\t\t\t\t\t\t<\/div>\n\n\t\t\t\t\t\t\t\t\t\t\t<\/div>\t\t\n\t\t\t\t<\/div>\n\n\t\t\t\t\t\t\t\t\n\t\t\t\t<div class=\"post post-2372 type-post status-publish format-standard hentry category-uncategorized\">\n\t\t\t\t\t<div class=\"post-inner\">\t\t\n\t\t\t\t\t\t\t\t\t\t\t\t\t\n\t\t\t\t\t\t\t\n\t\t\t\t\t\t\t\t<div class=\"post-image\">\n\t\t\t\t\t\t\t\t\t<span class=\"\">\n\t\t\t\t\t\t\t\t\t\t\t\t\t\t\t\t\t\t\t<\/span>\n\t\t\t\t\t\t\t\t<\/div>\n\n\t\t\t\t\t\t\t\n\t\t\t\t\t\t\n\t\t\t\t\t\t\n\t\t\t\t\t\t\t\t\t\t\t\t\n\t\t\t\t\t\t\t<div class=\"post-content\">\n\t\t\t\t\t\t\t\t<p>\n\t\t\t\t\t\t\t\t\tBu m\u0259hk\u0259m\u0259l\u0259r\u0259 hakiml\u0259r t\u0259yin edildi S\u0259r\u0259ncam\nSalayev Elm\u0259ddin Xasay o\u011flu \u2013 \u0259sg\u0259r. Com Sultanlar Lig...\t\t\t\t\t\t\t\t<\/p>\n\n\t\t\t\t\t\t\t\t\t\t\t\t\t\t\t<\/div>\n\n\t\t\t\t\t\t\t\t\t\t\t<\/div>\t\t\n\t\t\t\t<\/div>\n\n\t\t\t\t\t\t\t\t\t\t\t<\/div>\n\t\t<\/div>\n\t<\/div>[vc_empty_space height=&#8221;10px&#8221;][\/vc_column][\/vc_row][vc_row][vc_column][vc_separator color=&#8221;custom&#8221; accent_color=&#8221;rgba(2,6,32,0.1)&#8221;][vc_empty_space height=&#8221;50px&#8221;][\/vc_column][\/vc_row][vc_row][vc_column width=&#8221;1\/4&#8243;][vc_custom_heading text=&#8221;Results&#8221; font_container=&#8221;tag:h3|text_align:left&#8221; use_theme_fonts=&#8221;yes&#8221;][vc_empty_space height=&#8221;20px&#8221;][\/vc_column][vc_column width=&#8221;3\/4&#8243;][vc_column_text]<\/p>\n<h4 class=\"no-margin-top\">Proven Results from our Broadcasting Clients<\/h4>\n<p>The sports division of a major broadcaster needed to consolidate and streamline access to the large volume of content it uses on a weekly basis. We developed a media asset management system that enabled producers to search metadata from a wide variety of sources and review video assets from the desktop. The system has enabled the group to move to HD broadcasting much faster than before.[\/vc_column_text][\/vc_column][\/vc_row]<\/p>\n","protected":false},"excerpt":{"rendered":"<p>[vc_row][vc_column][vc_single_image image=&#8221;312&#8243; img_size=&#8221;1280&#215;600&#8243;][vc_empty_space height=&#8221;10px&#8221;][vc_column_text] From on-demand media to digital distribution, media &amp; entertainment leaders choose us to help them work better and work differently. Whether it&#8217;s digital asset management, content management, or anti-piracy challenges, GLB is redefining the way media &amp; entertainment companies benefit from global services.[\/vc_column_text][vc_empty_space height=&#8221;40px&#8221;][\/vc_column][\/vc_row][vc_row][vc_column][vc_separator color=&#8221;custom&#8221; accent_color=&#8221;rgba(2,6,32,0.1)&#8221;][vc_empty_space height=&#8221;50px&#8221;][\/vc_column][\/vc_row][vc_row][vc_column width=&#8221;1\/4&#8243;][vc_custom_heading text=&#8221;We Serve&#8221; font_container=&#8221;tag:h3|text_align:left&#8221; [&hellip;]<\/p>\n","protected":false},"author":1,"featured_media":0,"parent":16,"menu_order":0,"comment_status":"closed","ping_status":"closed","template":"","meta":{"footnotes":""},"class_list":["post-264","page","type-page","status-publish","hentry"],"acf":[],"_links":{"self":[{"href":"https:\/\/fornat.com.tr\/tr\/wp-json\/wp\/v2\/pages\/264","targetHints":{"allow":["GET"]}}],"collection":[{"href":"https:\/\/fornat.com.tr\/tr\/wp-json\/wp\/v2\/pages"}],"about":[{"href":"https:\/\/fornat.com.tr\/tr\/wp-json\/wp\/v2\/types\/page"}],"author":[{"embeddable":true,"href":"https:\/\/fornat.com.tr\/tr\/wp-json\/wp\/v2\/users\/1"}],"replies":[{"embeddable":true,"href":"https:\/\/fornat.com.tr\/tr\/wp-json\/wp\/v2\/comments?post=264"}],"version-history":[{"count":0,"href":"https:\/\/fornat.com.tr\/tr\/wp-json\/wp\/v2\/pages\/264\/revisions"}],"up":[{"embeddable":true,"href":"https:\/\/fornat.com.tr\/tr\/wp-json\/wp\/v2\/pages\/16"}],"wp:attachment":[{"href":"https:\/\/fornat.com.tr\/tr\/wp-json\/wp\/v2\/media?parent=264"}],"curies":[{"name":"wp","href":"https:\/\/api.w.org\/{rel}","templated":true}]}}