{"id":254,"date":"2017-10-02T02:52:58","date_gmt":"2017-10-02T02:52:58","guid":{"rendered":"https:\/\/fornat.com.tr\/tr\/\/?page_id=254"},"modified":"2017-12-21T04:26:04","modified_gmt":"2017-12-21T04:26:04","slug":"banking-financial","status":"publish","type":"page","link":"https:\/\/fornat.com.tr\/tr\/all-industries\/banking-financial\/","title":{"rendered":"Banking &#038; Financial"},"content":{"rendered":"<p>[vc_row][vc_column][vc_single_image image=&#8221;472&#8243; img_size=&#8221;1280&#215;600&#8243;][vc_empty_space height=&#8221;10px&#8221;][vc_column_text]<\/p>\n<h3>When it comes to financial matters, customer engagement matters more than ever.<\/h3>\n<p>From delivering excellent services at all stages of a loan to keeping pace with regulatory requirements, our technology-enabled solutions are tailored to meet the demands of your organization &amp; your customers.[\/vc_column_text][vc_empty_space height=&#8221;40px&#8221;][\/vc_column][\/vc_row][vc_row][vc_column][vc_separator color=&#8221;custom&#8221; accent_color=&#8221;rgba(2,6,32,0.1)&#8221;][vc_empty_space height=&#8221;50px&#8221;][\/vc_column][\/vc_row][vc_row][vc_column width=&#8221;1\/4&#8243;][vc_custom_heading text=&#8221;We Serve&#8221; font_container=&#8221;tag:h3|text_align:left&#8221; use_theme_fonts=&#8221;yes&#8221;][vc_empty_space height=&#8221;20px&#8221;][\/vc_column][vc_column width=&#8221;3\/4&#8243;][vc_row_inner][vc_column_inner width=&#8221;1\/2&#8243;][vc_column_text]<\/p>\n<h5 class=\"no-margin-top\"><span style=\"color: #f46137;\">Securities services<\/span><\/h5>\n<p>We support the processes involved in clearing and settlement, collateral management, core custody systems, fund and trust[\/vc_column_text][vc_empty_space height=&#8221;40px&#8221;][\/vc_column_inner][vc_column_inner width=&#8221;1\/2&#8243;][vc_column_text]<\/p>\n<h5 class=\"no-margin-top\"><span style=\"color: #3366ff;\">Cards &amp; Payments<\/span><\/h5>\n<p>Includes card management and payment processing services for credit, debit, private label and smart cards.[\/vc_column_text][vc_empty_space height=&#8221;40px&#8221;][\/vc_column_inner][\/vc_row_inner][vc_row_inner][vc_column_inner width=&#8221;1\/2&#8243;][vc_column_text]<\/p>\n<h5 class=\"no-margin-top\"><span style=\"color: #008080;\">Retail &amp; Wholesale Banking<\/span><\/h5>\n<p>Our solutions optimize core processes for consumer lending, commercial lending, financial messaging and transaction banking.[\/vc_column_text][vc_empty_space height=&#8221;40px&#8221;][\/vc_column_inner][vc_column_inner width=&#8221;1\/2&#8243;][vc_column_text]<\/p>\n<h5 class=\"no-margin-top\"><span style=\"color: #339966;\">Consumer Lending<\/span><\/h5>\n<p>Solutions for financial institutions addressing business and technology challenges across the mortgage, auto and student loan.[\/vc_column_text][vc_empty_space height=&#8221;40px&#8221;][\/vc_column_inner][\/vc_row_inner][\/vc_column][\/vc_row][vc_row][vc_column][vc_separator color=&#8221;custom&#8221; accent_color=&#8221;rgba(2,6,32,0.1)&#8221;][vc_empty_space height=&#8221;50px&#8221;][\/vc_column][\/vc_row][vc_row][vc_column width=&#8221;1\/4&#8243;][vc_custom_heading text=&#8221;Solutions&#8221; font_container=&#8221;tag:h3|text_align:left&#8221; use_theme_fonts=&#8221;yes&#8221;][vc_empty_space height=&#8221;20px&#8221;][\/vc_column][vc_column width=&#8221;3\/4&#8243;][vc_column_text]Our consulting and solutions offerings help you run better and run differently. Our industry expertise and business solution capabilities are both deep and broad in financial services.[\/vc_column_text][vc_empty_space height=&#8221;30px&#8221;][vc_row_inner][vc_column_inner width=&#8221;1\/2&#8243;][vc_column_text]<\/p>\n<h5 class=\"no-margin-top\">ModelEye<\/h5>\n<p>GLB ModelEye is designed as a complete end-to-end model risk management platform for all your model governance needs.[\/vc_column_text][vc_empty_space height=&#8221;40px&#8221;][\/vc_column_inner][vc_column_inner width=&#8221;1\/2&#8243;][vc_column_text]<\/p>\n<h5 class=\"no-margin-top\">GLB SightPrism\u2122<\/h5>\n<p>GLB SightPrism adopts advanced analytics, allowing banks to gather the critical customer intelligence needed to make data-driven decisions.[\/vc_column_text][vc_empty_space height=&#8221;40px&#8221;][\/vc_column_inner][\/vc_row_inner][\/vc_column][\/vc_row][vc_row][vc_column][vc_separator color=&#8221;custom&#8221; accent_color=&#8221;rgba(2,6,32,0.1)&#8221;][vc_empty_space height=&#8221;50px&#8221;][\/vc_column][\/vc_row][vc_row][vc_column width=&#8221;1\/4&#8243;][vc_custom_heading text=&#8221;Our Thinking&#8221; font_container=&#8221;tag:h3|text_align:left&#8221; use_theme_fonts=&#8221;yes&#8221;][vc_empty_space height=&#8221;20px&#8221;][\/vc_column][vc_column width=&#8221;3\/4&#8243;]\n\t<div class=\"blog-shortcode  has-post-content post-thumbnail-cover\">\n\t\t\n\t\t<div class=\"blog-entries\">\n\t\t\t\t\t\t\t<div class=\"entries-wrapper content-inner blog-grid\" data-grid=\"{&quot;itemSelector&quot;:&quot;.post&quot;}\" data-columns=\"2\">\n\t\t\t\t\t\t\t\t\t\t\t\n\t\t\t\t<div class=\"post post-2136 type-post status-publish format-standard hentry category-uncategorized\">\n\t\t\t\t\t<div class=\"post-inner\">\t\t\n\t\t\t\t\t\t\t\t\t\t\t\t\t\n\t\t\t\t\t\t\t\n\t\t\t\t\t\t\t\t<div class=\"post-image\">\n\t\t\t\t\t\t\t\t\t<span class=\"\">\n\t\t\t\t\t\t\t\t\t\t\t\t\t\t\t\t\t\t\t<\/span>\n\t\t\t\t\t\t\t\t<\/div>\n\n\t\t\t\t\t\t\t\n\t\t\t\t\t\t\n\t\t\t\t\t\t\n\t\t\t\t\t\t\t\t\t\t\t\t\n\t\t\t\t\t\t\t<div class=\"post-content\">\n\t\t\t\t\t\t\t\t<p>\n\t\t\t\t\t\t\t\t\tMostbet T\u00fcrkiye i\u00e7in en g\u00fcvenilir bahis ve casino sites\nBahis \u015firketi ayr\u0131ca canl\u0131 bahis de sunar, b...\t\t\t\t\t\t\t\t<\/p>\n\n\t\t\t\t\t\t\t\t\t\t\t\t\t\t\t<\/div>\n\n\t\t\t\t\t\t\t\t\t\t\t<\/div>\t\t\n\t\t\t\t<\/div>\n\n\t\t\t\t\t\t\t\t\n\t\t\t\t<div class=\"post post-2372 type-post status-publish format-standard hentry category-uncategorized\">\n\t\t\t\t\t<div class=\"post-inner\">\t\t\n\t\t\t\t\t\t\t\t\t\t\t\t\t\n\t\t\t\t\t\t\t\n\t\t\t\t\t\t\t\t<div class=\"post-image\">\n\t\t\t\t\t\t\t\t\t<span class=\"\">\n\t\t\t\t\t\t\t\t\t\t\t\t\t\t\t\t\t\t\t<\/span>\n\t\t\t\t\t\t\t\t<\/div>\n\n\t\t\t\t\t\t\t\n\t\t\t\t\t\t\n\t\t\t\t\t\t\n\t\t\t\t\t\t\t\t\t\t\t\t\n\t\t\t\t\t\t\t<div class=\"post-content\">\n\t\t\t\t\t\t\t\t<p>\n\t\t\t\t\t\t\t\t\tBu m\u0259hk\u0259m\u0259l\u0259r\u0259 hakiml\u0259r t\u0259yin edildi S\u0259r\u0259ncam\nSalayev Elm\u0259ddin Xasay o\u011flu \u2013 \u0259sg\u0259r. Com Sultanlar Lig...\t\t\t\t\t\t\t\t<\/p>\n\n\t\t\t\t\t\t\t\t\t\t\t\t\t\t\t<\/div>\n\n\t\t\t\t\t\t\t\t\t\t\t<\/div>\t\t\n\t\t\t\t<\/div>\n\n\t\t\t\t\t\t\t\t\t\t\t<\/div>\n\t\t<\/div>\n\t<\/div>[vc_empty_space height=&#8221;10px&#8221;][\/vc_column][\/vc_row][vc_row][vc_column][vc_separator color=&#8221;custom&#8221; accent_color=&#8221;rgba(2,6,32,0.1)&#8221;][vc_empty_space height=&#8221;50px&#8221;][\/vc_column][\/vc_row][vc_row][vc_column width=&#8221;1\/4&#8243;][vc_custom_heading text=&#8221;Results&#8221; font_container=&#8221;tag:h3|text_align:left&#8221; use_theme_fonts=&#8221;yes&#8221;][vc_empty_space height=&#8221;20px&#8221;][\/vc_column][vc_column width=&#8221;3\/4&#8243;][vc_column_text]<\/p>\n<h4 class=\"no-margin-top\">Online Banking System Upgraded<\/h4>\n<p>We helped a leading European bank upgrade their online banking system. The upgraded system provided numerous benefits to customers, including the ability to pay bills online.<\/p>\n<p>Other upgrades included a revamped Electronic Bill Presentment and Payment Service (EBPP) and Safekeeping, Portfolio Management, Payments and Security Trading functions.[\/vc_column_text][\/vc_column][\/vc_row]<\/p>\n","protected":false},"excerpt":{"rendered":"<p>[vc_row][vc_column][vc_single_image image=&#8221;472&#8243; img_size=&#8221;1280&#215;600&#8243;][vc_empty_space height=&#8221;10px&#8221;][vc_column_text] When it comes to financial matters, customer engagement matters more than ever. From delivering excellent services at all stages of a loan to keeping pace with regulatory requirements, our technology-enabled solutions are tailored to meet the demands of your organization &amp; your customers.[\/vc_column_text][vc_empty_space height=&#8221;40px&#8221;][\/vc_column][\/vc_row][vc_row][vc_column][vc_separator color=&#8221;custom&#8221; accent_color=&#8221;rgba(2,6,32,0.1)&#8221;][vc_empty_space height=&#8221;50px&#8221;][\/vc_column][\/vc_row][vc_row][vc_column width=&#8221;1\/4&#8243;][vc_custom_heading text=&#8221;We Serve&#8221; font_container=&#8221;tag:h3|text_align:left&#8221; [&hellip;]<\/p>\n","protected":false},"author":1,"featured_media":0,"parent":16,"menu_order":0,"comment_status":"closed","ping_status":"closed","template":"","meta":{"footnotes":""},"class_list":["post-254","page","type-page","status-publish","hentry"],"acf":[],"_links":{"self":[{"href":"https:\/\/fornat.com.tr\/tr\/wp-json\/wp\/v2\/pages\/254","targetHints":{"allow":["GET"]}}],"collection":[{"href":"https:\/\/fornat.com.tr\/tr\/wp-json\/wp\/v2\/pages"}],"about":[{"href":"https:\/\/fornat.com.tr\/tr\/wp-json\/wp\/v2\/types\/page"}],"author":[{"embeddable":true,"href":"https:\/\/fornat.com.tr\/tr\/wp-json\/wp\/v2\/users\/1"}],"replies":[{"embeddable":true,"href":"https:\/\/fornat.com.tr\/tr\/wp-json\/wp\/v2\/comments?post=254"}],"version-history":[{"count":0,"href":"https:\/\/fornat.com.tr\/tr\/wp-json\/wp\/v2\/pages\/254\/revisions"}],"up":[{"embeddable":true,"href":"https:\/\/fornat.com.tr\/tr\/wp-json\/wp\/v2\/pages\/16"}],"wp:attachment":[{"href":"https:\/\/fornat.com.tr\/tr\/wp-json\/wp\/v2\/media?parent=254"}],"curies":[{"name":"wp","href":"https:\/\/api.w.org\/{rel}","templated":true}]}}