{"id":241,"date":"2017-10-02T02:44:50","date_gmt":"2017-10-02T02:44:50","guid":{"rendered":"https:\/\/fornat.com.tr\/tr\/\/?page_id=241"},"modified":"2022-11-16T01:25:51","modified_gmt":"2022-11-16T01:25:51","slug":"natmix-dp","status":"publish","type":"page","link":"https:\/\/fornat.com.tr\/tr\/natmix-dp\/","title":{"rendered":"Natmix DP"},"content":{"rendered":"<p>[vc_row][vc_column][vc_row_inner content_placement=&#8221;middle&#8221; gap=&#8221;30&#8243;][vc_column_inner width=&#8221;2\/3&#8243;]<ul class=\"iconlist iconlist iconlist-icon-small \"><li ><div class=\"iconlist-item-icon\"><i class=\"sl-check\"><\/i><span class=\"shapes\"><\/span><\/div><div class=\"iconlist-item-content\">Natmix DP; \u0130\u00e7eri\u011findeki deltamethrin aktif maddesi, Tetramethrin&#8217;in ani d\u00fc\u015f\u00fcr\u00fcc\u00fc ve \u0131\u015f\u0131\u011fa \u00e7\u0131kar\u0131c\u0131 etkisi ile desteklenmektedir.<\/div><\/li><li ><div class=\"iconlist-item-icon\"><i class=\"sl-check\"><\/i><span class=\"shapes\"><\/span><\/div><div class=\"iconlist-item-content\">Ayr\u0131ca, \u00fcst d\u00fczey bir kontrol sa\u011flamak i\u00e7in, predroitlerden farkl\u0131 bir kontrol<br \/>\nmekanizmas\u0131na sahip, bir b\u00f6cek geli\u015fim d\u00fczenleyici olan pyriproxyfen taraf\u0131ndan \u00fcr\u00fcn desteklenmektedir.<\/div><\/li><li ><div class=\"iconlist-item-icon\"><i class=\"sl-check\"><\/i><span class=\"shapes\"><\/span><\/div><div class=\"iconlist-item-content\">Natmix DP; \u0130\u00e7eri\u011findeki aktif madde kombinasyonlar\u0131 sayesinde ha\u015ferelerin t\u00fcm<br \/>\nevreleri (larva, pupa\/nimf, ergin) \u00fczerinde etkinlik g\u00f6sterir. Tek uygulama<br \/>\nile kusursuz etkinlik sa\u011flar.<\/div><\/li><li ><div class=\"iconlist-item-icon\"><i class=\"sl-check\"><\/i><span class=\"shapes\"><\/span><\/div><div class=\"iconlist-item-content\">Natmix DP; Petrol t\u00fcrevi \u00e7\u00f6z\u00fcc\u00fc i\u00e7ermez, bitkisel ya\u011f bazl\u0131 \u00e7\u00f6z\u00fcc\u00fc ile form\u00fclasyon<br \/>\ndaha g\u00fcvenli hale getirilmi\u015ftir.<\/div><\/li><li ><div class=\"iconlist-item-icon\"><i class=\"sl-check\"><\/i><span class=\"shapes\"><\/span><\/div><div class=\"iconlist-item-content\">Natmix DP; \u0130\u00e7eri\u011findeki \u00e7\u00f6z\u00fcc\u00fc sayesinde antimikrobiyal etkinlik sa\u011flar ve her t\u00fcrl\u00fc uygulama ekipman\u0131 ile kolayca uygulanabilir.<\/div><\/li><li ><div class=\"iconlist-item-icon\"><i class=\"sl-check\"><\/i><span class=\"shapes\"><\/span><\/div><div class=\"iconlist-item-content\">Natmix DP; S\u00fcspoem\u00fclsiyon (SE) form\u00fclasyon teknolojisi ile \u00fcretilmi\u015ftir.<\/div><\/li><\/ul>[\/vc_column_inner][vc_column_inner width=&#8221;1\/3&#8243;][vc_single_image image=&#8221;1779&#8243; img_size=&#8221;large&#8221;][\/vc_column_inner][\/vc_row_inner][vc_empty_space height=&#8221;15px&#8221;][\/vc_column][\/vc_row][vc_row][vc_column][vc_single_image image=&#8221;1784&#8243; img_size=&#8221;medium&#8221; alignment=&#8221;center&#8221;][vc_empty_space height=&#8221;15px&#8221;][\/vc_column][\/vc_row][vc_row][vc_column][vc_single_image image=&#8221;1785&#8243; img_size=&#8221;full&#8221; alignment=&#8221;center&#8221;][\/vc_column][\/vc_row][vc_row][vc_column][vc_separator color=&#8221;custom&#8221; border_width=&#8221;5&#8243; accent_color=&#8221;rgba(2,6,32,0.1)&#8221;][vc_empty_space height=&#8221;60px&#8221;][vc_custom_heading text=&#8221;Neden Natmix DP ?&#8221; font_container=&#8221;tag:h2|text_align:center&#8221; use_theme_fonts=&#8221;yes&#8221;][vc_empty_space height=&#8221;20px&#8221;]<ul class=\"iconlist iconlist iconlist-icon-small \"><li ><div class=\"iconlist-item-icon\"><i class=\"sl-check\"><\/i><span class=\"shapes\"><\/span><\/div><div class=\"iconlist-item-content\">Natmix DP; farkl\u0131 kontrol mekanizmas\u0131na sahip aktif maddelerle g\u00fc\u00e7lendirilmi\u015ftir.<\/div><\/li><li ><div class=\"iconlist-item-icon\"><i class=\"sl-check\"><\/i><span class=\"shapes\"><\/span><\/div><div class=\"iconlist-item-content\">Larvasidal, Ovisidal ve Adultisit etkiye sahiptir. Tek uygulama ile kusursuz etkinlik sa\u011flar.<\/div><\/li><li ><div class=\"iconlist-item-icon\"><i class=\"sl-check\"><\/i><span class=\"shapes\"><\/span><\/div><div class=\"iconlist-item-content\">Birle\u015ftirilmi\u015f total etki elde etmek i\u00e7in; 3 aktif madde \u00f6zenle birle\u015ftirilmi\u015f, s\u00fcspoem\u00fclsiyan form\u00fclasyon teknolojisi ile form\u00fcle edilmi\u015ftir.<\/div><\/li><li ><div class=\"iconlist-item-icon\"><i class=\"sl-check\"><\/i><span class=\"shapes\"><\/span><\/div><div class=\"iconlist-item-content\">T\u00fcrkiye&#8217;de ilk kez Sa\u011fl\u0131k Bakanl\u0131\u011f\u0131 T\u00fcrkiye Halk Sa\u011fl\u0131\u011f\u0131 Kurumunca yekilendirilmi\u015f laboratuvarda \u00dcR\u00dcNE A\u0130T Akut Sistemik Toksisite Testi firmam\u0131zca yap\u0131lm\u0131\u015ft\u0131r.<\/div><\/li><li ><div class=\"iconlist-item-icon\"><i class=\"sl-check\"><\/i><span class=\"shapes\"><\/span><\/div><div class=\"iconlist-item-content\">\u0130\u00e7eri\u011findeki \u00e7\u00f6z\u00fcc\u00fcden dolay\u0131 kal\u0131c\u0131 uygulamalarda hem daha uzun s\u00fcre etkinlik hem de buharla\u015fmay\u0131 geciktirmesinden dolay\u0131 daha g\u00fcvenli kullan\u0131m imkan\u0131 sa\u011flar.<\/div><\/li><li ><div class=\"iconlist-item-icon\"><i class=\"sl-check\"><\/i><span class=\"shapes\"><\/span><\/div><div class=\"iconlist-item-content\">Natmix DP; geni\u015f spektrumlu etkisi ile y\u00fcr\u00fcyen ve u\u00e7an zararl\u0131 t\u00fcrlerine kar\u015f\u0131 etkilidir.<\/div><\/li><li ><div class=\"iconlist-item-icon\"><i class=\"sl-check\"><\/i><span class=\"shapes\"><\/span><\/div><div class=\"iconlist-item-content\">Natmix DP; ambalaj teknolojisi sayesinde uygun doz kullanma kolayl\u0131\u011f\u0131 sa\u011flar.<\/div><\/li><li ><div class=\"iconlist-item-icon\"><i class=\"sl-check\"><\/i><span class=\"shapes\"><\/span><\/div><div class=\"iconlist-item-content\">Natmix DP; Kokusuzdur, leke ve kal\u0131nt\u0131 b\u0131rakmaz. \u0130\u00e7eri\u011findeki farkl\u0131 aktifler sayesinde ba\u011f\u0131\u015f\u0131kl\u0131k geli\u015fimini engeller.<\/div><\/li><\/ul>[vc_empty_space height=&#8221;50px&#8221;][\/vc_column][\/vc_row][vc_row full_width=&#8221;stretch_row&#8221; css=&#8221;.vc_custom_1513769862845{padding-top: 60px !important;padding-bottom: 146px !important;background: #dd3333 url(https:\/\/fornat.com.tr\/tr\/wp-content\/uploads\/\/2017\/09\/bg-services.svg?id=78) !important;background-position: center !important;background-repeat: no-repeat !important;background-size: cover !important;}&#8221;][vc_column][vc_custom_heading text=&#8221;Kullanma \u015eekli&#8221; font_container=&#8221;tag:h2|text_align:center|color:%23ffffff&#8221; use_theme_fonts=&#8221;yes&#8221;][vc_empty_space height=&#8221;50px&#8221;][vc_column_text]<\/p>\n<p style=\"text-align: center;\"><span style=\"color: #ffffff;\">Natmix DP; su ile her oranda homojen bir \u015fekilde kar\u0131\u015fabilir. Mist Blower, s\u0131rt ve el<br \/>\np\u00fclvarizat\u00f6rleri ile kullan\u0131labilir.<\/span><\/p>\n<p style=\"text-align: center;\"><span style=\"color: #ffffff;\">Karasinek ergin ve larvas\u0131 i\u00e7in, tek bir uygulama yeterlidir.<br \/>\n<\/span><\/p>\n<p style=\"text-align: center;\"><span style=\"color: #ffffff;\">Y\u00fcr\u00fcyen ha\u015fereler i\u00e7in, kal\u0131c\u0131 y\u00fczey uygulama metodu ile tatbik edilmelidir.<br \/>\n<\/span><\/p>\n<p>[\/vc_column_text][vc_empty_space height=&#8221;50px&#8221;][vc_single_image image=&#8221;1786&#8243; img_size=&#8221;full&#8221;][\/vc_column][\/vc_row]<\/p>\n","protected":false},"excerpt":{"rendered":"<p>[vc_row][vc_column][vc_row_inner content_placement=&#8221;middle&#8221; gap=&#8221;30&#8243;][vc_column_inner width=&#8221;2\/3&#8243;][\/vc_column_inner][vc_column_inner width=&#8221;1\/3&#8243;][vc_single_image image=&#8221;1779&#8243; img_size=&#8221;large&#8221;][\/vc_column_inner][\/vc_row_inner][vc_empty_space height=&#8221;15px&#8221;][\/vc_column][\/vc_row][vc_row][vc_column][vc_single_image image=&#8221;1784&#8243; img_size=&#8221;medium&#8221; alignment=&#8221;center&#8221;][vc_empty_space height=&#8221;15px&#8221;][\/vc_column][\/vc_row][vc_row][vc_column][vc_single_image image=&#8221;1785&#8243; img_size=&#8221;full&#8221; alignment=&#8221;center&#8221;][\/vc_column][\/vc_row][vc_row][vc_column][vc_separator color=&#8221;custom&#8221; border_width=&#8221;5&#8243; accent_color=&#8221;rgba(2,6,32,0.1)&#8221;][vc_empty_space height=&#8221;60px&#8221;][vc_custom_heading text=&#8221;Neden Natmix DP ?&#8221; font_container=&#8221;tag:h2|text_align:center&#8221; use_theme_fonts=&#8221;yes&#8221;][vc_empty_space height=&#8221;20px&#8221;][vc_empty_space height=&#8221;50px&#8221;][\/vc_column][\/vc_row][vc_row full_width=&#8221;stretch_row&#8221; css=&#8221;.vc_custom_1513769862845{padding-top: 60px !important;padding-bottom: 146px !important;background: #dd3333 url(https:\/\/fornat.com.tr\/tr\/wp-content\/uploads\/\/2017\/09\/bg-services.svg?id=78) !important;background-position: center !important;background-repeat: no-repeat !important;background-size: cover !important;}&#8221;][vc_column][vc_custom_heading text=&#8221;Kullanma \u015eekli&#8221; font_container=&#8221;tag:h2|text_align:center|color:%23ffffff&#8221; use_theme_fonts=&#8221;yes&#8221;][vc_empty_space height=&#8221;50px&#8221;][vc_column_text] Natmix DP; su ile her oranda homojen bir [&hellip;]<\/p>\n","protected":false},"author":1,"featured_media":0,"parent":0,"menu_order":0,"comment_status":"closed","ping_status":"closed","template":"","meta":{"footnotes":""},"class_list":["post-241","page","type-page","status-publish","hentry"],"acf":[],"_links":{"self":[{"href":"https:\/\/fornat.com.tr\/tr\/wp-json\/wp\/v2\/pages\/241","targetHints":{"allow":["GET"]}}],"collection":[{"href":"https:\/\/fornat.com.tr\/tr\/wp-json\/wp\/v2\/pages"}],"about":[{"href":"https:\/\/fornat.com.tr\/tr\/wp-json\/wp\/v2\/types\/page"}],"author":[{"embeddable":true,"href":"https:\/\/fornat.com.tr\/tr\/wp-json\/wp\/v2\/users\/1"}],"replies":[{"embeddable":true,"href":"https:\/\/fornat.com.tr\/tr\/wp-json\/wp\/v2\/comments?post=241"}],"version-history":[{"count":3,"href":"https:\/\/fornat.com.tr\/tr\/wp-json\/wp\/v2\/pages\/241\/revisions"}],"predecessor-version":[{"id":1788,"href":"https:\/\/fornat.com.tr\/tr\/wp-json\/wp\/v2\/pages\/241\/revisions\/1788"}],"wp:attachment":[{"href":"https:\/\/fornat.com.tr\/tr\/wp-json\/wp\/v2\/media?parent=241"}],"curies":[{"name":"wp","href":"https:\/\/api.w.org\/{rel}","templated":true}]}}