{"id":2,"date":"2017-09-26T08:08:51","date_gmt":"2017-09-26T08:08:51","guid":{"rendered":"https:\/\/fornat.com.tr\/tr\/\/?page_id=2"},"modified":"2022-11-17T10:08:45","modified_gmt":"2022-11-17T10:08:45","slug":"kurumsal","status":"publish","type":"page","link":"https:\/\/fornat.com.tr\/tr\/kurumsal\/","title":{"rendered":"Kurumsal"},"content":{"rendered":"<p>[vc_row][vc_column][vc_empty_space height=&#8221;40px&#8221;][vc_custom_heading text=&#8221;HAKKIMIZDA&#8221; font_container=&#8221;tag:h2|text_align:center&#8221; use_theme_fonts=&#8221;yes&#8221;][vc_empty_space height=&#8221;20px&#8221;][vc_row_inner gap=&#8221;35&#8243;][vc_column_inner width=&#8221;1\/2&#8243;][vc_column_text]<\/p>\n<p class=\"p1\">Fornat Kimya San. Tic. Ltd. \u015eti. 2014 y\u0131l\u0131nda kurulmu\u015f \u00e7evre sa\u011fl\u0131\u011f\u0131 alan\u0131nda dan\u0131\u015fmanl\u0131k, pazarlama ve ila\u00e7lama hizmeti sa\u011flamak \u00fczere t\u00fcm T\u00fcrkiye ve d\u00fcnya \u00e7ap\u0131nda hizmet vermeyi kendine gaye edinmi\u015ftir.Uluslar aras\u0131 d\u00fczeyde Dan\u0131\u015fmanl\u0131k hizmeti sunman\u0131n yan\u0131 s\u0131ra t\u00fcm T\u00fcrkiye\u2019de hem dan\u0131\u015fmanl\u0131k hem de biyosidal \u00fcr\u00fcn ve uygulamas\u0131 konusunda faaliyetlerine devam etmektedir.<\/p>\n<p>[\/vc_column_text][vc_empty_space height=&#8221;20px&#8221;][\/vc_column_inner][vc_column_inner width=&#8221;1\/2&#8243;][vc_column_text]<\/p>\n<p class=\"p1\">Her zaman kendine yenilikleri hedef alan firmam\u0131z spesifik \u00fcr\u00fcnleri ile sekt\u00f6re yeni \u00fcr\u00fcnler kazand\u0131rman\u0131n \u00e7abas\u0131 i\u00e7erisindedir. Y\u00f6netim kadromuz <span class=\"s1\">2005&#8217;ten beri <\/span>dan\u0131\u015fmanl\u0131k hizmeti ile sekt\u00f6re y\u00f6n vermi\u015f ve yeni \u00e7al\u0131\u015fmalar\u0131m\u0131z ile birlikte kendi \u00fcr\u00fcn segmentiyle sekt\u00f6r\u00fc domine etmeyi kendine hedef olarak belirlemi\u015ftir.<\/p>\n<p>[\/vc_column_text][vc_empty_space height=&#8221;20px&#8221;][\/vc_column_inner][\/vc_row_inner][\/vc_column][\/vc_row][vc_row full_width=&#8221;stretch_row&#8221; css=&#8221;.vc_custom_1513311899271{padding-top: 80px !important;padding-bottom: 40px !important;background: #020620 url(https:\/\/fornat.com.tr\/tr\/wp-content\/uploads\/\/2017\/12\/bg-main.svg?id=1098) !important;background-position: center !important;background-repeat: no-repeat !important;background-size: cover !important;}&#8221;][vc_column][vc_row_inner][vc_column_inner][vc_custom_heading text=&#8221;M\u0130SYONUMUZ&#8221; font_container=&#8221;tag:h2|text_align:center|color:%23ffffff&#8221; use_theme_fonts=&#8221;yes&#8221;][\/vc_column_inner][\/vc_row_inner][vc_row_inner content_placement=&#8221;middle&#8221; gap=&#8221;30&#8243;][vc_column_inner][vc_column_text]<\/p>\n<p style=\"text-align: center;\"><span style=\"color: #8d8ea3;\">\u00c7evre ve insan sa\u011fl\u0131\u011f\u0131n\u0131 korumak i\u00e7in, yenilik\u00e7i biyosidal \u00fcr\u00fcnler \u00fcretmek veya ithal etmek, m\u00fc\u015fteri veya tedarik\u00e7ilerimize zaman\u0131nda ve kesintisiz hizmet sa\u011flamak. Bu ama\u00e7 i\u00e7in \u00fcr\u00fcn portf\u00f6y\u00fcn\u00fc geni\u015fletmek ve takip edilmeye devam etmek.<\/span><\/p>\n<p>[\/vc_column_text][\/vc_column_inner][\/vc_row_inner][vc_empty_space height=&#8221;40px&#8221;][vc_row_inner][vc_column_inner][vc_custom_heading text=&#8221;V\u0130ZYONUMUZ&#8221; font_container=&#8221;tag:h2|text_align:center|color:%23ffffff&#8221; use_theme_fonts=&#8221;yes&#8221;][\/vc_column_inner][\/vc_row_inner][vc_row_inner content_placement=&#8221;middle&#8221; gap=&#8221;30&#8243;][vc_column_inner][vc_column_text]<\/p>\n<p style=\"text-align: center;\"><span style=\"color: #8d8ea3;\">Daima takip edilmek, biyosidal \u00fcr\u00fcnlerde \u00f6nde gelen yeniliklerin sahibi olmak.<\/span><\/p>\n<p>[\/vc_column_text][vc_empty_space height=&#8221;20px&#8221;][\/vc_column_inner][\/vc_row_inner][\/vc_column][\/vc_row]<\/p>\n","protected":false},"excerpt":{"rendered":"<p>[vc_row][vc_column][vc_empty_space height=&#8221;40px&#8221;][vc_custom_heading text=&#8221;HAKKIMIZDA&#8221; font_container=&#8221;tag:h2|text_align:center&#8221; use_theme_fonts=&#8221;yes&#8221;][vc_empty_space height=&#8221;20px&#8221;][vc_row_inner gap=&#8221;35&#8243;][vc_column_inner width=&#8221;1\/2&#8243;][vc_column_text] Fornat Kimya San. Tic. Ltd. \u015eti. 2014 y\u0131l\u0131nda kurulmu\u015f \u00e7evre sa\u011fl\u0131\u011f\u0131 alan\u0131nda dan\u0131\u015fmanl\u0131k, pazarlama ve ila\u00e7lama hizmeti sa\u011flamak \u00fczere t\u00fcm T\u00fcrkiye ve d\u00fcnya \u00e7ap\u0131nda hizmet vermeyi kendine gaye edinmi\u015ftir.Uluslar aras\u0131 d\u00fczeyde Dan\u0131\u015fmanl\u0131k hizmeti sunman\u0131n yan\u0131 s\u0131ra t\u00fcm T\u00fcrkiye\u2019de hem dan\u0131\u015fmanl\u0131k hem de biyosidal \u00fcr\u00fcn ve uygulamas\u0131 konusunda [&hellip;]<\/p>\n","protected":false},"author":1,"featured_media":0,"parent":0,"menu_order":0,"comment_status":"closed","ping_status":"open","template":"","meta":{"footnotes":""},"class_list":["post-2","page","type-page","status-publish","hentry"],"acf":[],"_links":{"self":[{"href":"https:\/\/fornat.com.tr\/tr\/wp-json\/wp\/v2\/pages\/2","targetHints":{"allow":["GET"]}}],"collection":[{"href":"https:\/\/fornat.com.tr\/tr\/wp-json\/wp\/v2\/pages"}],"about":[{"href":"https:\/\/fornat.com.tr\/tr\/wp-json\/wp\/v2\/types\/page"}],"author":[{"embeddable":true,"href":"https:\/\/fornat.com.tr\/tr\/wp-json\/wp\/v2\/users\/1"}],"replies":[{"embeddable":true,"href":"https:\/\/fornat.com.tr\/tr\/wp-json\/wp\/v2\/comments?post=2"}],"version-history":[{"count":6,"href":"https:\/\/fornat.com.tr\/tr\/wp-json\/wp\/v2\/pages\/2\/revisions"}],"predecessor-version":[{"id":1853,"href":"https:\/\/fornat.com.tr\/tr\/wp-json\/wp\/v2\/pages\/2\/revisions\/1853"}],"wp:attachment":[{"href":"https:\/\/fornat.com.tr\/tr\/wp-json\/wp\/v2\/media?parent=2"}],"curies":[{"name":"wp","href":"https:\/\/api.w.org\/{rel}","templated":true}]}}