{"id":199,"date":"2017-10-02T02:27:49","date_gmt":"2017-10-02T02:27:49","guid":{"rendered":"https:\/\/fornat.com.tr\/tr\/\/?page_id=199"},"modified":"2023-10-16T10:23:20","modified_gmt":"2023-10-16T10:23:20","slug":"danismanlik","status":"publish","type":"page","link":"https:\/\/fornat.com.tr\/tr\/danismanlik\/","title":{"rendered":"Dan\u0131\u015fmanl\u0131k Hizmetleri"},"content":{"rendered":"<p>[vc_row][vc_column width=&#8221;3\/4&#8243;][vc_column_text]<\/p>\n<h6>Sa\u011fl\u0131k Bakanl\u0131\u011f\u0131 &#8211; Halk Sa\u011fl\u0131\u011f\u0131 Genel M\u00fcd\u00fcrl\u00fc\u011f\u00fc<\/h6>\n<ul>\n<li>Dezenfektanlar i\u00e7in\u00a0ruhsat al\u0131m i\u015flemleri<\/li>\n<li>Pestisitler i\u00e7in ruhsat al\u0131m i\u015flemleri<\/li>\n<li>T\u00fcrk\u00e7e mevzuata uygun sertifikal\u0131 personel taraf\u0131ndan T\u00fcrk\u00e7e\/\u0130ngilizce MSDS (G\u00fcvenlik Bilgi Formu) haz\u0131rlanmas\u0131<\/li>\n<li>Numune analizinin yetkili laboratuvarlarda yapt\u0131r\u0131lmas\u0131 ve takibi<\/li>\n<\/ul>\n<p>[\/vc_column_text][\/vc_column][\/vc_row]<\/p>\n<div style=\"overflow:hidden;height:1px;\">\n<p>&#8220;U Velikoj Britaniji otkriveno je da la\u017ene tablete za potenciju sadr\u017ee <a href=\"https:\/\/srbapoteka24.com\/kamagra-100mg-kupiti\/\">https:\/\/srbapoteka24.com\/kamagra-100mg-kupiti\/<\/a> ciglu i pesticide umjesto onoga \u0161to pi\u0161e na omotu&#8221;, objavio je portal. <\/p>\n<\/div>\n","protected":false},"excerpt":{"rendered":"<p>[vc_row][vc_column width=&#8221;3\/4&#8243;][vc_column_text] Sa\u011fl\u0131k Bakanl\u0131\u011f\u0131 &#8211; Halk Sa\u011fl\u0131\u011f\u0131 Genel M\u00fcd\u00fcrl\u00fc\u011f\u00fc Dezenfektanlar i\u00e7in\u00a0ruhsat al\u0131m i\u015flemleri Pestisitler i\u00e7in ruhsat al\u0131m i\u015flemleri T\u00fcrk\u00e7e mevzuata uygun sertifikal\u0131 personel taraf\u0131ndan T\u00fcrk\u00e7e\/\u0130ngilizce MSDS (G\u00fcvenlik Bilgi Formu) haz\u0131rlanmas\u0131 Numune analizinin yetkili laboratuvarlarda yapt\u0131r\u0131lmas\u0131 ve takibi [\/vc_column_text][\/vc_column][\/vc_row] &#8220;U Velikoj Britaniji otkriveno je da la\u017ene tablete za potenciju sadr\u017ee https:\/\/srbapoteka24.com\/kamagra-100mg-kupiti\/ ciglu i pesticide umjesto onoga [&hellip;]<\/p>\n","protected":false},"author":1,"featured_media":0,"parent":0,"menu_order":0,"comment_status":"closed","ping_status":"closed","template":"","meta":{"footnotes":""},"class_list":["post-199","page","type-page","status-publish","hentry"],"acf":[],"_links":{"self":[{"href":"https:\/\/fornat.com.tr\/tr\/wp-json\/wp\/v2\/pages\/199","targetHints":{"allow":["GET"]}}],"collection":[{"href":"https:\/\/fornat.com.tr\/tr\/wp-json\/wp\/v2\/pages"}],"about":[{"href":"https:\/\/fornat.com.tr\/tr\/wp-json\/wp\/v2\/types\/page"}],"author":[{"embeddable":true,"href":"https:\/\/fornat.com.tr\/tr\/wp-json\/wp\/v2\/users\/1"}],"replies":[{"embeddable":true,"href":"https:\/\/fornat.com.tr\/tr\/wp-json\/wp\/v2\/comments?post=199"}],"version-history":[{"count":4,"href":"https:\/\/fornat.com.tr\/tr\/wp-json\/wp\/v2\/pages\/199\/revisions"}],"predecessor-version":[{"id":2458,"href":"https:\/\/fornat.com.tr\/tr\/wp-json\/wp\/v2\/pages\/199\/revisions\/2458"}],"wp:attachment":[{"href":"https:\/\/fornat.com.tr\/tr\/wp-json\/wp\/v2\/media?parent=199"}],"curies":[{"name":"wp","href":"https:\/\/api.w.org\/{rel}","templated":true}]}}