{"id":1813,"date":"2022-11-16T02:09:15","date_gmt":"2022-11-16T02:09:15","guid":{"rendered":"https:\/\/fornat.com.tr\/tr\/?page_id=1813"},"modified":"2022-11-17T10:40:28","modified_gmt":"2022-11-17T10:40:28","slug":"natper-sprey","status":"publish","type":"page","link":"https:\/\/fornat.com.tr\/tr\/natper-sprey\/","title":{"rendered":"Natper Sprey"},"content":{"rendered":"<p>[vc_row][vc_column][vc_row_inner content_placement=&#8221;middle&#8221; gap=&#8221;30&#8243;][vc_column_inner width=&#8221;2\/3&#8243;]<ul class=\"iconlist iconlist iconlist-icon-small \"><li ><div class=\"iconlist-item-icon\"><i class=\"sl-check\"><\/i><span class=\"shapes\"><\/span><\/div><div class=\"iconlist-item-content\">Natper Sprey; bitkisel ya\u011f bazl\u0131 \u00e7\u00f6z\u00fcc\u00fc i\u00e7erir. \u0130nsana, do\u011faya zarars\u0131z, ha\u015fereler \u00fczerinde maksimum etkiye sahiptir.<\/div><\/li><li ><div class=\"iconlist-item-icon\"><i class=\"sl-check\"><\/i><span class=\"shapes\"><\/span><\/div><div class=\"iconlist-item-content\">Natper Sprey; i\u00e7eri\u011findeki aktif maddeler Avrupa Birli\u011fi Biyosidal \u00dcr\u00fcnler Y\u00f6netmeli\u011fi Do\u011fan -98\/8 EC kapsam\u0131nda desteklenen firmalardan temin edilmektedir.<\/div><\/li><li ><div class=\"iconlist-item-icon\"><i class=\"sl-check\"><\/i><span class=\"shapes\"><\/span><\/div><div class=\"iconlist-item-content\">Natper Sprey; \u0130\u00e7eri\u011findeki permethrin, tetramethrin ve PBO oranlar\u0131 optimum etki g\u00f6zetilerek ARGE \u00e7al\u0131\u015fmalar\u0131 neticesinde tespit edilmi\u015ftir<\/div><\/li><li ><div class=\"iconlist-item-icon\"><i class=\"sl-check\"><\/i><span class=\"shapes\"><\/span><\/div><div class=\"iconlist-item-content\">Natper Sprey; bitkisel ya\u011f bazl\u0131 \u00e7\u00f6z\u00fcc\u00fcs\u00fc sayesinde mikrosol\u00fcsyon haline getirilerek etkinli\u011fi artt\u0131r\u0131lm\u0131\u015ft\u0131r<\/div><\/li><li ><div class=\"iconlist-item-icon\"><i class=\"sl-check\"><\/i><span class=\"shapes\"><\/span><\/div><div class=\"iconlist-item-content\">Natper Sprey; i\u00e7eri\u011findeki Hindistan cevizinin ho\u015f kokusu halk sa\u011fl\u0131\u011f\u0131 d\u00fc\u015f\u00fcn\u00fclerek n\u00f6tralize edilmi\u015ftir.<\/div><\/li><li ><div class=\"iconlist-item-icon\"><i class=\"sl-check\"><\/i><span class=\"shapes\"><\/span><\/div><div class=\"iconlist-item-content\">Natper Sprey; Uyguland\u0131\u011f\u0131 alandan ak\u0131p gitmez, o alanda kal\u0131c\u0131 uygulama imkan\u0131 sunar.<\/div><\/li><li ><div class=\"iconlist-item-icon\"><i class=\"sl-check\"><\/i><span class=\"shapes\"><\/span><\/div><div class=\"iconlist-item-content\">Natper Sprey; Yakla\u015f\u0131k 5695 bitkisel ya\u011f bazl\u0131 \u00e7\u00f6z\u00fcc\u00fc ve su i\u00e7erir. G\u00dcVENL\u0130D\u0130R. Ksilen ve benzeri petrol t\u00fcrevleri i\u00e7ermez<\/div><\/li><li ><div class=\"iconlist-item-icon\"><i class=\"sl-check\"><\/i><span class=\"shapes\"><\/span><\/div><div class=\"iconlist-item-content\">Natper Sprey; Bitkisel ya\u011f bazl\u0131 \u00e7\u00f6z\u00fcc\u00fc i\u00e7eri\u011finden dolay\u0131 buharla\u015fma geciktirme \u00f6zelli\u011fine sahiptir. Daha uzun s\u00fcre ha\u015fere ile temas eder ve kesin \u00e7\u00f6z\u00fcm sunar.<\/div><\/li><\/ul>[\/vc_column_inner][vc_column_inner width=&#8221;1\/3&#8243;][vc_single_image image=&#8221;1777&#8243; img_size=&#8221;large&#8221;][\/vc_column_inner][\/vc_row_inner][vc_empty_space height=&#8221;15px&#8221;][\/vc_column][\/vc_row][vc_row][vc_column][vc_single_image image=&#8221;1784&#8243; img_size=&#8221;medium&#8221; alignment=&#8221;center&#8221;][vc_empty_space height=&#8221;15px&#8221;][\/vc_column][\/vc_row][vc_row][vc_column][vc_separator color=&#8221;custom&#8221; border_width=&#8221;5&#8243; accent_color=&#8221;rgba(2,6,32,0.1)&#8221;][vc_empty_space height=&#8221;60px&#8221;][\/vc_column][\/vc_row][vc_row full_width=&#8221;stretch_row&#8221; css=&#8221;.vc_custom_1513769862845{padding-top: 60px !important;padding-bottom: 146px !important;background: #dd3333 url(https:\/\/fornat.com.tr\/tr\/wp-content\/uploads\/\/2017\/09\/bg-services.svg?id=78) !important;background-position: center !important;background-repeat: no-repeat !important;background-size: cover !important;}&#8221;][vc_column][vc_custom_heading text=&#8221;Kullanma \u015eekli&#8221; font_container=&#8221;tag:h2|text_align:center|color:%23ffffff&#8221; use_theme_fonts=&#8221;yes&#8221;][vc_empty_space height=&#8221;50px&#8221;][vc_column_text]<\/p>\n<p style=\"text-align: center;\"><span style=\"color: #ffffff;\">Natper Sprey kullan\u0131ma haz\u0131r bir form\u00fclasyon olup, \u00f6zel pump-sprey ambalaj\u0131 ile direkt uygulan\u0131r.<br \/>\n<\/span><\/p>\n<p style=\"text-align: center;\"><span style=\"color: #ffffff;\">Natper Sprey geni\u015f spektrumlu bir insektisittir. Natper Sprey&#8217;in sivrisinek, karasinek, tatarc\u0131k,kene, pire, kar\u0131nca ve hamamb\u00f6ceklerine kar\u015f\u0131 etkinli\u011fi ispatlanm\u0131\u015ft\u0131r.<br \/>\n<\/span><\/p>\n<p>[\/vc_column_text][\/vc_column][\/vc_row]<\/p>\n","protected":false},"excerpt":{"rendered":"<p>[vc_row][vc_column][vc_row_inner content_placement=&#8221;middle&#8221; gap=&#8221;30&#8243;][vc_column_inner width=&#8221;2\/3&#8243;][\/vc_column_inner][vc_column_inner width=&#8221;1\/3&#8243;][vc_single_image image=&#8221;1777&#8243; img_size=&#8221;large&#8221;][\/vc_column_inner][\/vc_row_inner][vc_empty_space height=&#8221;15px&#8221;][\/vc_column][\/vc_row][vc_row][vc_column][vc_single_image image=&#8221;1784&#8243; img_size=&#8221;medium&#8221; alignment=&#8221;center&#8221;][vc_empty_space height=&#8221;15px&#8221;][\/vc_column][\/vc_row][vc_row][vc_column][vc_separator color=&#8221;custom&#8221; border_width=&#8221;5&#8243; accent_color=&#8221;rgba(2,6,32,0.1)&#8221;][vc_empty_space height=&#8221;60px&#8221;][\/vc_column][\/vc_row][vc_row full_width=&#8221;stretch_row&#8221; css=&#8221;.vc_custom_1513769862845{padding-top: 60px !important;padding-bottom: 146px !important;background: #dd3333 url(https:\/\/fornat.com.tr\/tr\/wp-content\/uploads\/\/2017\/09\/bg-services.svg?id=78) !important;background-position: center !important;background-repeat: no-repeat !important;background-size: cover !important;}&#8221;][vc_column][vc_custom_heading text=&#8221;Kullanma \u015eekli&#8221; font_container=&#8221;tag:h2|text_align:center|color:%23ffffff&#8221; use_theme_fonts=&#8221;yes&#8221;][vc_empty_space height=&#8221;50px&#8221;][vc_column_text] Natper Sprey kullan\u0131ma haz\u0131r bir form\u00fclasyon olup, \u00f6zel pump-sprey ambalaj\u0131 ile direkt uygulan\u0131r. Natper Sprey geni\u015f spektrumlu bir insektisittir. [&hellip;]<\/p>\n","protected":false},"author":1,"featured_media":0,"parent":0,"menu_order":0,"comment_status":"closed","ping_status":"closed","template":"","meta":{"footnotes":""},"class_list":["post-1813","page","type-page","status-publish","hentry"],"acf":[],"_links":{"self":[{"href":"https:\/\/fornat.com.tr\/tr\/wp-json\/wp\/v2\/pages\/1813","targetHints":{"allow":["GET"]}}],"collection":[{"href":"https:\/\/fornat.com.tr\/tr\/wp-json\/wp\/v2\/pages"}],"about":[{"href":"https:\/\/fornat.com.tr\/tr\/wp-json\/wp\/v2\/types\/page"}],"author":[{"embeddable":true,"href":"https:\/\/fornat.com.tr\/tr\/wp-json\/wp\/v2\/users\/1"}],"replies":[{"embeddable":true,"href":"https:\/\/fornat.com.tr\/tr\/wp-json\/wp\/v2\/comments?post=1813"}],"version-history":[{"count":7,"href":"https:\/\/fornat.com.tr\/tr\/wp-json\/wp\/v2\/pages\/1813\/revisions"}],"predecessor-version":[{"id":1890,"href":"https:\/\/fornat.com.tr\/tr\/wp-json\/wp\/v2\/pages\/1813\/revisions\/1890"}],"wp:attachment":[{"href":"https:\/\/fornat.com.tr\/tr\/wp-json\/wp\/v2\/media?parent=1813"}],"curies":[{"name":"wp","href":"https:\/\/api.w.org\/{rel}","templated":true}]}}