{"id":1807,"date":"2022-11-16T01:58:00","date_gmt":"2022-11-16T01:58:00","guid":{"rendered":"https:\/\/fornat.com.tr\/tr\/?page_id=1807"},"modified":"2022-11-17T10:45:13","modified_gmt":"2022-11-17T10:45:13","slug":"natcyper-cc","status":"publish","type":"page","link":"https:\/\/fornat.com.tr\/tr\/natcyper-cc\/","title":{"rendered":"Natcyper Plus"},"content":{"rendered":"<p>[vc_row][vc_column][vc_row_inner content_placement=&#8221;middle&#8221; gap=&#8221;30&#8243;][vc_column_inner width=&#8221;2\/3&#8243;]<ul class=\"iconlist iconlist iconlist-icon-small \"><li ><div class=\"iconlist-item-icon\"><i class=\"sl-check\"><\/i><span class=\"shapes\"><\/span><\/div><div class=\"iconlist-item-content\">\n<p class=\"p1\">Natcyper Plus; Bitkisel ya\u011f bazl\u0131 \u00e7\u00f6z\u00fcc\u00fc i\u00e7erir. \u0130nsana ve do\u011faya zarars\u0131z, ha\u015fereler \u00fczerinde maksimum etkiye sahiptir.<\/p>\n<p><\/div><\/li><li ><div class=\"iconlist-item-icon\"><i class=\"sl-check\"><\/i><span class=\"shapes\"><\/span><\/div><div class=\"iconlist-item-content\">\n<p class=\"p1\">Natcyper Plus; i\u00e7eri\u011findeki cypermethrin, tetramethrin ve PBO oranlar\u0131 optimum etki g\u00f6zetilerek ARGE<span class=\"Apple-converted-space\">\u00a0<\/span>\u00e7al\u0131\u015fmalar\u0131 neticesinde tespit edilmi\u015ftir.<\/p>\n<p><\/div><\/li><li ><div class=\"iconlist-item-icon\"><i class=\"sl-check\"><\/i><span class=\"shapes\"><\/span><\/div><div class=\"iconlist-item-content\">\n<p class=\"p1\">Natcyper Plus ile ULV uygulamalar\u0131nda amac\u0131m\u0131z, u\u00e7an ha\u015fereyi yere d\u00fc\u015f\u00fcrmek de\u011fil problemi \u00e7\u00f6zmektir.<\/p>\n<p><\/div><\/li><li ><div class=\"iconlist-item-icon\"><i class=\"sl-check\"><\/i><span class=\"shapes\"><\/span><\/div><div class=\"iconlist-item-content\">\n<p class=\"p1\">Y\u00fcksek Tetramethrin i\u00e7erikli \u00fcr\u00fcnler ULV uygulamalar\u0131nda \u00e7ok h\u0131zl\u0131 d\u00fc\u015f\u00fcr\u00fcc\u00fc etki<span class=\"Apple-converted-space\"> \u00a0<\/span>g\u00f6sterdikleri i\u00e7in, ha\u015fereler ULV uygulamalar\u0131nda h\u0131zl\u0131ca yere d\u00fc\u015ferek ila\u00e7l\u0131 sahadan uzakla\u015fmakta ve yeterli aktif madde ile temas etmedikleri i\u00e7in bir s\u00fcre sonra<span class=\"Apple-converted-space\">\u00a0<\/span>faaliyetlerine devam etmektedirler.<\/p>\n<p><\/div><\/li><li ><div class=\"iconlist-item-icon\"><i class=\"sl-check\"><\/i><span class=\"shapes\"><\/span><\/div><div class=\"iconlist-item-content\">\n<p class=\"p1\">Natcyper Plus; i\u00e7eri\u011findeki Hindistan cevizinin ho\u015f kokusu halk sa\u011fl\u0131\u011f\u0131 ve Bakanl\u0131k<span class=\"Apple-converted-space\">\u00a0<\/span>Kararlar\u0131 do\u011frultusunda n\u00f6tralize edilmi\u015ftir.<\/p>\n<p><\/div><\/li><\/ul>[\/vc_column_inner][vc_column_inner width=&#8221;1\/3&#8243;][vc_single_image image=&#8221;1781&#8243; img_size=&#8221;large&#8221;][\/vc_column_inner][\/vc_row_inner][vc_empty_space height=&#8221;15px&#8221;][\/vc_column][\/vc_row][vc_row][vc_column][vc_single_image image=&#8221;1784&#8243; img_size=&#8221;medium&#8221; alignment=&#8221;center&#8221;][vc_empty_space height=&#8221;15px&#8221;][\/vc_column][\/vc_row][vc_row][vc_column][vc_single_image image=&#8221;1808&#8243; img_size=&#8221;full&#8221; alignment=&#8221;center&#8221;][\/vc_column][\/vc_row][vc_row][vc_column][vc_separator color=&#8221;custom&#8221; border_width=&#8221;5&#8243; accent_color=&#8221;rgba(2,6,32,0.1)&#8221;][vc_empty_space height=&#8221;60px&#8221;][vc_custom_heading text=&#8221;Neden Natcyper Plus ?&#8221; font_container=&#8221;tag:h2|text_align:center&#8221; use_theme_fonts=&#8221;yes&#8221;][vc_empty_space height=&#8221;20px&#8221;]<ul class=\"iconlist iconlist iconlist-icon-small \"><li ><div class=\"iconlist-item-icon\"><i class=\"sl-check\"><\/i><span class=\"shapes\"><\/span><\/div><div class=\"iconlist-item-content\">\n<p class=\"p1\">Yakla\u015f\u0131k %40 bitkisel ya\u011f bazl\u0131 \u00e7\u00f6z\u00fcc\u00fc i\u00e7erir. G\u00dcVENL\u0130D\u0130R. Ksilen ve benzeri petrol t\u00fcrevleri<span class=\"Apple-converted-space\"> i<\/span>\u00e7ermez.<\/p>\n<p><\/div><\/li><li ><div class=\"iconlist-item-icon\"><i class=\"sl-check\"><\/i><span class=\"shapes\"><\/span><\/div><div class=\"iconlist-item-content\">\n<p class=\"p1\">\u00d6zel olarak yo\u011fun ULV ara\u015ft\u0131rmalar\u0131 sonucu 3 aktif madde \u00f6zenle birle\u015ftirilmi\u015f, mikroem\u00fclsiyon form\u00fclasyon teknolojisi ile form\u00fcle edilmi\u015ftir.<\/p>\n<p><\/div><\/li><li ><div class=\"iconlist-item-icon\"><i class=\"sl-check\"><\/i><span class=\"shapes\"><\/span><\/div><div class=\"iconlist-item-content\">\n<p class=\"p1\">Bitkisel ya\u011f bazl\u0131 \u00e7\u00f6z\u00fcc\u00fc i\u00e7erdi\u011finden dolay\u0131 buharla\u015fma geciktirme \u00f6zelli\u011fine sahiptir. Daha uzun s\u00fcre ha\u015fere ile temas eder ve kesin \u00e7\u00f6z\u00fcm sunar.<\/p>\n<p><\/div><\/li><li ><div class=\"iconlist-item-icon\"><i class=\"sl-check\"><\/i><span class=\"shapes\"><\/span><\/div><div class=\"iconlist-item-content\">\n<p class=\"p1\">Alevlenmenin risk oldu\u011fu, \u00f6zellikle \u00e7\u00f6p toplama alanlar\u0131ndaki uygulamalarda kullan\u0131lan \u00fcr\u00fcn\u00fcn parlama noktas\u0131n\u0131n y\u00fcksek olmas\u0131 gerekmektedir. Ksilen i\u00e7eren \u00fcr\u00fcnlerin parlama noktas\u0131 d\u00fc\u015f\u00fck oldu\u011fu i\u00e7in tehlikeli olmaktad\u0131rlar. Bu tip alanlarda NATCYPER PLUS g\u00fcvenle kullan\u0131labilir.<\/p>\n<p><\/div><\/li><li ><div class=\"iconlist-item-icon\"><i class=\"sl-check\"><\/i><span class=\"shapes\"><\/span><\/div><div class=\"iconlist-item-content\">\n<p class=\"p1\">\u0130\u00e7eri\u011findeki \u00e7\u00f6z\u00fcc\u00fcden dolay\u0131 kal\u0131c\u0131 uygulamalarda hem daha uzun s\u00fcre etkinlik hem de buharla\u015fmay\u0131 geciktirmesinden dolay\u0131 daha g\u00fcvenli kullan\u0131m imkan\u0131 sa\u011flar.<\/p>\n<p><\/div><\/li><li ><div class=\"iconlist-item-icon\"><i class=\"sl-check\"><\/i><span class=\"shapes\"><\/span><\/div><div class=\"iconlist-item-content\">\n<p class=\"p1\">Natcyper Plus; i\u00e7eri\u011findeki aktif maddeden dolay\u0131 d\u00fc\u015f\u00fck uygulama dozuna sahiptir. Ekonomiktir.<\/p>\n<p><\/div><\/li><\/ul>[vc_empty_space height=&#8221;50px&#8221;][\/vc_column][\/vc_row][vc_row full_width=&#8221;stretch_row&#8221; css=&#8221;.vc_custom_1513769862845{padding-top: 60px !important;padding-bottom: 146px !important;background: #dd3333 url(https:\/\/fornat.com.tr\/tr\/wp-content\/uploads\/\/2017\/09\/bg-services.svg?id=78) !important;background-position: center !important;background-repeat: no-repeat !important;background-size: cover !important;}&#8221;][vc_column][vc_custom_heading text=&#8221;Kullanma \u015eekli&#8221; font_container=&#8221;tag:h2|text_align:center|color:%23ffffff&#8221; use_theme_fonts=&#8221;yes&#8221;][vc_empty_space height=&#8221;50px&#8221;][vc_column_text]<\/p>\n<p style=\"text-align: center;\"><span style=\"color: #ffffff;\">Natcyper Plus; su ile her oranda homojen bir \u015fekilde kar\u0131\u015fabilir. ULV, TF, Mist Blower, S\u0131rt ve El p\u00fclvarizet\u00f6rleri ile kullan\u0131labilir.<br \/>\n<\/span><\/p>\n<p style=\"text-align: center;\"><span style=\"color: #ffffff;\">Sivrisinekler i\u00e7in ULV uygulamalar\u0131 g\u00fcn bat\u0131m\u0131ndan sonra ba\u015flat\u0131lmal\u0131, karasinekler i\u00e7in uygulama g\u00fcn do\u011fumundan sonra veya g\u00fcn bat\u0131m\u0131 \u00f6ncesinde yap\u0131lmal\u0131d\u0131r.<br \/>\n<\/span><\/p>\n<p style=\"text-align: center;\"><span style=\"color: #ffffff;\">Hamamb\u00f6ce\u011fi, Altl\u0131k B\u00f6ce\u011fi, Pire ve Kene i\u00e7in, kal\u0131c\u0131 y\u00fczey uygulama metodu ile tatbik edilmelidir.<br \/>\n<\/span><\/p>\n<p>[\/vc_column_text][vc_empty_space height=&#8221;50px&#8221;][vc_single_image image=&#8221;1883&#8243; img_size=&#8221;full&#8221;][\/vc_column][\/vc_row]<\/p>\n","protected":false},"excerpt":{"rendered":"<p>[vc_row][vc_column][vc_row_inner content_placement=&#8221;middle&#8221; gap=&#8221;30&#8243;][vc_column_inner width=&#8221;2\/3&#8243;][\/vc_column_inner][vc_column_inner width=&#8221;1\/3&#8243;][vc_single_image image=&#8221;1781&#8243; img_size=&#8221;large&#8221;][\/vc_column_inner][\/vc_row_inner][vc_empty_space height=&#8221;15px&#8221;][\/vc_column][\/vc_row][vc_row][vc_column][vc_single_image image=&#8221;1784&#8243; img_size=&#8221;medium&#8221; alignment=&#8221;center&#8221;][vc_empty_space height=&#8221;15px&#8221;][\/vc_column][\/vc_row][vc_row][vc_column][vc_single_image image=&#8221;1808&#8243; img_size=&#8221;full&#8221; alignment=&#8221;center&#8221;][\/vc_column][\/vc_row][vc_row][vc_column][vc_separator color=&#8221;custom&#8221; border_width=&#8221;5&#8243; accent_color=&#8221;rgba(2,6,32,0.1)&#8221;][vc_empty_space height=&#8221;60px&#8221;][vc_custom_heading text=&#8221;Neden Natcyper Plus ?&#8221; font_container=&#8221;tag:h2|text_align:center&#8221; use_theme_fonts=&#8221;yes&#8221;][vc_empty_space height=&#8221;20px&#8221;][vc_empty_space height=&#8221;50px&#8221;][\/vc_column][\/vc_row][vc_row full_width=&#8221;stretch_row&#8221; css=&#8221;.vc_custom_1513769862845{padding-top: 60px !important;padding-bottom: 146px !important;background: #dd3333 url(https:\/\/fornat.com.tr\/tr\/wp-content\/uploads\/\/2017\/09\/bg-services.svg?id=78) !important;background-position: center !important;background-repeat: no-repeat !important;background-size: cover !important;}&#8221;][vc_column][vc_custom_heading text=&#8221;Kullanma \u015eekli&#8221; font_container=&#8221;tag:h2|text_align:center|color:%23ffffff&#8221; use_theme_fonts=&#8221;yes&#8221;][vc_empty_space height=&#8221;50px&#8221;][vc_column_text] Natcyper Plus; su ile her oranda homojen bir [&hellip;]<\/p>\n","protected":false},"author":1,"featured_media":0,"parent":0,"menu_order":0,"comment_status":"closed","ping_status":"closed","template":"","meta":{"footnotes":""},"class_list":["post-1807","page","type-page","status-publish","hentry"],"acf":[],"_links":{"self":[{"href":"https:\/\/fornat.com.tr\/tr\/wp-json\/wp\/v2\/pages\/1807","targetHints":{"allow":["GET"]}}],"collection":[{"href":"https:\/\/fornat.com.tr\/tr\/wp-json\/wp\/v2\/pages"}],"about":[{"href":"https:\/\/fornat.com.tr\/tr\/wp-json\/wp\/v2\/types\/page"}],"author":[{"embeddable":true,"href":"https:\/\/fornat.com.tr\/tr\/wp-json\/wp\/v2\/users\/1"}],"replies":[{"embeddable":true,"href":"https:\/\/fornat.com.tr\/tr\/wp-json\/wp\/v2\/comments?post=1807"}],"version-history":[{"count":4,"href":"https:\/\/fornat.com.tr\/tr\/wp-json\/wp\/v2\/pages\/1807\/revisions"}],"predecessor-version":[{"id":1884,"href":"https:\/\/fornat.com.tr\/tr\/wp-json\/wp\/v2\/pages\/1807\/revisions\/1884"}],"wp:attachment":[{"href":"https:\/\/fornat.com.tr\/tr\/wp-json\/wp\/v2\/media?parent=1807"}],"curies":[{"name":"wp","href":"https:\/\/api.w.org\/{rel}","templated":true}]}}