{"id":1799,"date":"2022-11-16T01:50:59","date_gmt":"2022-11-16T01:50:59","guid":{"rendered":"https:\/\/fornat.com.tr\/tr\/?page_id=1799"},"modified":"2022-11-17T10:44:27","modified_gmt":"2022-11-17T10:44:27","slug":"natper-cc","status":"publish","type":"page","link":"https:\/\/fornat.com.tr\/tr\/natper-cc\/","title":{"rendered":"Natper Plus"},"content":{"rendered":"<p>[vc_row][vc_column][vc_row_inner content_placement=&#8221;middle&#8221; gap=&#8221;30&#8243;][vc_column_inner width=&#8221;2\/3&#8243;]<ul class=\"iconlist iconlist iconlist-icon-small \"><li ><div class=\"iconlist-item-icon\"><i class=\"sl-check\"><\/i><span class=\"shapes\"><\/span><\/div><div class=\"iconlist-item-content\">Natper Plus; Bitkisel ya\u011f bazl\u0131 \u00e7\u00f6z\u00fcc\u00fc i\u00e7erir. \u0130nsana ve do\u011faya zarars\u0131z, ha\u015fereler \u00fczerinde maksimum etkiye sahiptir.<\/div><\/li><li ><div class=\"iconlist-item-icon\"><i class=\"sl-check\"><\/i><span class=\"shapes\"><\/span><\/div><div class=\"iconlist-item-content\">Natper Plus; \u0130\u00e7eri\u011findeki aktif maddeler Avrupa Birli\u011fi Biyosidal \u00dcr\u00fcnler Y\u00f6netmeli\u011fi 98\/8 EC kapsam\u0131nda desteklenen firmalardan temin edilmektedir.<\/div><\/li><li ><div class=\"iconlist-item-icon\"><i class=\"sl-check\"><\/i><span class=\"shapes\"><\/span><\/div><div class=\"iconlist-item-content\">Natper Plus; \u0130\u00e7eri\u011findeki permethrin, tetramethrin ve PBO oranlar\u0131 optimum etki g\u00f6zetilerek ARGE \u00e7al\u0131\u015fmalar\u0131 neticesinde tespit edilmi\u015ftir.<\/div><\/li><li ><div class=\"iconlist-item-icon\"><i class=\"sl-check\"><\/i><span class=\"shapes\"><\/span><\/div><div class=\"iconlist-item-content\">Natper Plus ile ULV uygulamalar\u0131nda amac\u0131m\u0131z, u\u00e7an ha\u015fereyi yere d\u00fc\u015f\u00fcrmek de\u011fil problemi \u00e7\u00f6zmektir.<\/div><\/li><li ><div class=\"iconlist-item-icon\"><i class=\"sl-check\"><\/i><span class=\"shapes\"><\/span><\/div><div class=\"iconlist-item-content\">Y\u00fcksek tetramethrin i\u00e7erikli \u00fcr\u00fcnler ULV uygulamalar\u0131nda \u00e7ok h\u0131zl\u0131 d\u00fc\u015f\u00fcr\u00fcc\u00fc(knock down) etki g\u00f6sterdikleri i\u00e7in, ha\u015fereler ULV uygulamalar\u0131nda h\u0131zl\u0131ca yere d\u00fc\u015ferek ila\u00e7l\u0131 sahadan uzakla\u015fmakta ve yeterli aktif madde ile temas etmedikleri i\u00e7in bir s\u00fcre sonra faliyetlerine devam etmektedirler.<\/div><\/li><li ><div class=\"iconlist-item-icon\"><i class=\"sl-check\"><\/i><span class=\"shapes\"><\/span><\/div><div class=\"iconlist-item-content\">Natper Plus; \u0130\u00e7eri\u011findeki hindistan cevizinin ho\u015f kokusu halk sa\u011fl\u0131\u011f\u0131 d\u00fc\u015f\u00fcn\u00fclerek<br \/>\nn\u00f6tralize edilmi\u015ftir.<\/div><\/li><\/ul>[\/vc_column_inner][vc_column_inner width=&#8221;1\/3&#8243;][vc_single_image image=&#8221;1778&#8243; img_size=&#8221;large&#8221;][\/vc_column_inner][\/vc_row_inner][vc_empty_space height=&#8221;15px&#8221;][\/vc_column][\/vc_row][vc_row][vc_column][vc_single_image image=&#8221;1784&#8243; img_size=&#8221;medium&#8221; alignment=&#8221;center&#8221;][vc_empty_space height=&#8221;15px&#8221;][\/vc_column][\/vc_row][vc_row][vc_column][vc_single_image image=&#8221;1800&#8243; img_size=&#8221;full&#8221; alignment=&#8221;center&#8221;][\/vc_column][\/vc_row][vc_row][vc_column][vc_separator color=&#8221;custom&#8221; border_width=&#8221;5&#8243; accent_color=&#8221;rgba(2,6,32,0.1)&#8221;][vc_empty_space height=&#8221;60px&#8221;][vc_custom_heading text=&#8221;Neden Natper Plus ?&#8221; font_container=&#8221;tag:h2|text_align:center&#8221; use_theme_fonts=&#8221;yes&#8221;][vc_empty_space height=&#8221;20px&#8221;]<ul class=\"iconlist iconlist iconlist-icon-small \"><li ><div class=\"iconlist-item-icon\"><i class=\"sl-check\"><\/i><span class=\"shapes\"><\/span><\/div><div class=\"iconlist-item-content\">Yakla\u015f\u0131k %30 bitkisel ya\u011f bazl\u0131 \u00e7\u00f6z\u00fcc\u00fc i\u00e7erir. G\u00dcVENL\u0130D\u0130R. Ksilen ve benzeri petrol t\u00fcrevleri<span class=\"Apple-converted-space\"> i<\/span>\u00e7ermez.<\/div><\/li><li ><div class=\"iconlist-item-icon\"><i class=\"sl-check\"><\/i><span class=\"shapes\"><\/span><\/div><div class=\"iconlist-item-content\">\n<p class=\"p1\">\u00d6zel olarak yo\u011fun ULV ara\u015ft\u0131rmalar\u0131 sonucu 3 aktif madde \u00f6zenle birle\u015ftirilmi\u015f, mikroem\u00fclsiyon form\u00fclasyon teknolojisi ile form\u00fcle edilmi\u015ftir.<\/p>\n<p><\/div><\/li><li ><div class=\"iconlist-item-icon\"><i class=\"sl-check\"><\/i><span class=\"shapes\"><\/span><\/div><div class=\"iconlist-item-content\">\n<p class=\"p1\">Bitkisel ya\u011f bazl\u0131 \u00e7\u00f6z\u00fcc\u00fc i\u00e7erdi\u011finden dolay\u0131 buharla\u015fma geciktirme \u00f6zelli\u011fine sahiptir. Daha uzun s\u00fcre ha\u015fere ile temas eder ve kesin \u00e7\u00f6z\u00fcm sunar.<\/p>\n<p><\/div><\/li><li ><div class=\"iconlist-item-icon\"><i class=\"sl-check\"><\/i><span class=\"shapes\"><\/span><\/div><div class=\"iconlist-item-content\">\n<p class=\"p1\">Alevlenmenin risk oldu\u011fu, \u00f6zellikle kanalizasyon sistemlerinde ve \u00e7\u00f6p toplama alanlar\u0131ndaki uygulamalarda kullan\u0131lan \u00fcr\u00fcn\u00fcn parlama noktas\u0131n\u0131n y\u00fcksek olmas\u0131 gerekmektedir. Ksilen i\u00e7eren \u00fcr\u00fcnlerin parlama noktas\u0131 d\u00fc\u015f\u00fck oldu\u011fu i\u00e7in tehlikeli olmaktad\u0131rlar. Bu tip alanlarda \u00f6zellikle k\u0131\u015flak m\u00fccadele i\u00e7in kanalizasyon sistemlerinde NATPER PLUS g\u00fcvenle kullan\u0131labilir.<\/p>\n<p><\/div><\/li><li ><div class=\"iconlist-item-icon\"><i class=\"sl-check\"><\/i><span class=\"shapes\"><\/span><\/div><div class=\"iconlist-item-content\">\n<p class=\"p1\">\u0130\u00e7eri\u011findeki \u00e7\u00f6z\u00fcc\u00fcden dolay\u0131 kal\u0131c\u0131 uygulamalarda hem daha uzun s\u00fcre etkinlik hem de buharla\u015fmay\u0131 geciktirmesinden dolay\u0131 daha g\u00fcvenli kullan\u0131m imkan\u0131 sa\u011flar.<\/p>\n<p><\/div><\/li><\/ul>[vc_empty_space height=&#8221;50px&#8221;][\/vc_column][\/vc_row][vc_row full_width=&#8221;stretch_row&#8221; css=&#8221;.vc_custom_1513769862845{padding-top: 60px !important;padding-bottom: 146px !important;background: #dd3333 url(https:\/\/fornat.com.tr\/tr\/wp-content\/uploads\/\/2017\/09\/bg-services.svg?id=78) !important;background-position: center !important;background-repeat: no-repeat !important;background-size: cover !important;}&#8221;][vc_column][vc_custom_heading text=&#8221;Kullanma \u015eekli&#8221; font_container=&#8221;tag:h2|text_align:center|color:%23ffffff&#8221; use_theme_fonts=&#8221;yes&#8221;][vc_empty_space height=&#8221;50px&#8221;][vc_single_image image=&#8221;1886&#8243; img_size=&#8221;full&#8221; alignment=&#8221;center&#8221;][\/vc_column][\/vc_row]<\/p>\n","protected":false},"excerpt":{"rendered":"<p>[vc_row][vc_column][vc_row_inner content_placement=&#8221;middle&#8221; gap=&#8221;30&#8243;][vc_column_inner width=&#8221;2\/3&#8243;][\/vc_column_inner][vc_column_inner width=&#8221;1\/3&#8243;][vc_single_image image=&#8221;1778&#8243; img_size=&#8221;large&#8221;][\/vc_column_inner][\/vc_row_inner][vc_empty_space height=&#8221;15px&#8221;][\/vc_column][\/vc_row][vc_row][vc_column][vc_single_image image=&#8221;1784&#8243; img_size=&#8221;medium&#8221; alignment=&#8221;center&#8221;][vc_empty_space height=&#8221;15px&#8221;][\/vc_column][\/vc_row][vc_row][vc_column][vc_single_image image=&#8221;1800&#8243; img_size=&#8221;full&#8221; alignment=&#8221;center&#8221;][\/vc_column][\/vc_row][vc_row][vc_column][vc_separator color=&#8221;custom&#8221; border_width=&#8221;5&#8243; accent_color=&#8221;rgba(2,6,32,0.1)&#8221;][vc_empty_space height=&#8221;60px&#8221;][vc_custom_heading text=&#8221;Neden Natper Plus ?&#8221; font_container=&#8221;tag:h2|text_align:center&#8221; use_theme_fonts=&#8221;yes&#8221;][vc_empty_space height=&#8221;20px&#8221;][vc_empty_space height=&#8221;50px&#8221;][\/vc_column][\/vc_row][vc_row full_width=&#8221;stretch_row&#8221; css=&#8221;.vc_custom_1513769862845{padding-top: 60px !important;padding-bottom: 146px !important;background: #dd3333 url(https:\/\/fornat.com.tr\/tr\/wp-content\/uploads\/\/2017\/09\/bg-services.svg?id=78) !important;background-position: center !important;background-repeat: no-repeat !important;background-size: cover !important;}&#8221;][vc_column][vc_custom_heading text=&#8221;Kullanma \u015eekli&#8221; font_container=&#8221;tag:h2|text_align:center|color:%23ffffff&#8221; use_theme_fonts=&#8221;yes&#8221;][vc_empty_space height=&#8221;50px&#8221;][vc_single_image image=&#8221;1886&#8243; img_size=&#8221;full&#8221; alignment=&#8221;center&#8221;][\/vc_column][\/vc_row]<\/p>\n","protected":false},"author":1,"featured_media":0,"parent":0,"menu_order":0,"comment_status":"closed","ping_status":"closed","template":"","meta":{"footnotes":""},"class_list":["post-1799","page","type-page","status-publish","hentry"],"acf":[],"_links":{"self":[{"href":"https:\/\/fornat.com.tr\/tr\/wp-json\/wp\/v2\/pages\/1799","targetHints":{"allow":["GET"]}}],"collection":[{"href":"https:\/\/fornat.com.tr\/tr\/wp-json\/wp\/v2\/pages"}],"about":[{"href":"https:\/\/fornat.com.tr\/tr\/wp-json\/wp\/v2\/types\/page"}],"author":[{"embeddable":true,"href":"https:\/\/fornat.com.tr\/tr\/wp-json\/wp\/v2\/users\/1"}],"replies":[{"embeddable":true,"href":"https:\/\/fornat.com.tr\/tr\/wp-json\/wp\/v2\/comments?post=1799"}],"version-history":[{"count":5,"href":"https:\/\/fornat.com.tr\/tr\/wp-json\/wp\/v2\/pages\/1799\/revisions"}],"predecessor-version":[{"id":1888,"href":"https:\/\/fornat.com.tr\/tr\/wp-json\/wp\/v2\/pages\/1799\/revisions\/1888"}],"wp:attachment":[{"href":"https:\/\/fornat.com.tr\/tr\/wp-json\/wp\/v2\/media?parent=1799"}],"curies":[{"name":"wp","href":"https:\/\/api.w.org\/{rel}","templated":true}]}}