{"id":1793,"date":"2022-11-16T01:37:35","date_gmt":"2022-11-16T01:37:35","guid":{"rendered":"https:\/\/fornat.com.tr\/tr\/?page_id=1793"},"modified":"2022-11-17T10:31:28","modified_gmt":"2022-11-17T10:31:28","slug":"natfen-larvador","status":"publish","type":"page","link":"https:\/\/fornat.com.tr\/tr\/natfen-larvador\/","title":{"rendered":"Natfen Larvador"},"content":{"rendered":"<p>[vc_row][vc_column][vc_row_inner content_placement=&#8221;middle&#8221; gap=&#8221;30&#8243;][vc_column_inner width=&#8221;2\/3&#8243;]<ul class=\"iconlist iconlist iconlist-icon-small \"><li ><div class=\"iconlist-item-icon\"><i class=\"sl-check\"><\/i><span class=\"shapes\"><\/span><\/div><div class=\"iconlist-item-content\">Natfen Larvador; i\u00e7eri\u011findeki pyriproxyfen bir b\u00f6cek geli\u015fim d\u00fczenleyici olup; vekt\u00f6rlerin yumurta, larva ve pupa mozai\u011finde juvenil hormon analo\u011fu olarak etki eder.<\/div><\/li><li ><div class=\"iconlist-item-icon\"><i class=\"sl-check\"><\/i><span class=\"shapes\"><\/span><\/div><div class=\"iconlist-item-content\">Natfen Larvador; bitkisel ya\u011f bazl\u0131 \u00e7\u00f6z\u00fcc\u00fc i\u00e7erir. \u0130nsana, do\u011faya zarars\u0131z, ha\u015fereler<br \/>\n\u00fczerinde maksimum etkiye sahiptir.<\/div><\/li><li ><div class=\"iconlist-item-icon\"><i class=\"sl-check\"><\/i><span class=\"shapes\"><\/span><\/div><div class=\"iconlist-item-content\">Natfen Larvador; i\u00e7eri\u011findeki bitkisel ya\u011f bazl\u0131 \u00e7\u00f6z\u00fcc\u00fcler sayesinde y\u00fczey gerilim ajan\u0131 olarakta etki g\u00f6stermektedir.<\/div><\/li><li ><div class=\"iconlist-item-icon\"><i class=\"sl-check\"><\/i><span class=\"shapes\"><\/span><\/div><div class=\"iconlist-item-content\">Natfen Larvador; i\u00e7erisinde kullan\u0131lan bitkisel ya\u011f bazl\u0131 \u00e7\u00f6z\u00fcc\u00fc ayn\u0131 zamanda aktif madde \u00fczerinde etki artt\u0131r\u0131c\u0131 \u00f6zelliktedir.<\/div><\/li><li ><div class=\"iconlist-item-icon\"><i class=\"sl-check\"><\/i><span class=\"shapes\"><\/span><\/div><div class=\"iconlist-item-content\">Natfen Larvador; i\u00e7eri\u011findeki aktif ve bitkisel ya\u011f bazl\u0131 \u00e7\u00f6z\u00fcc\u00fclerin kombinasyonu ile juvenil hormon analo\u011fu olarak etki g\u00f6steren \u00fcr\u00fcnlerin, ortamda larva g\u00f6r\u00fclme<br \/>\nproblemine son vermektedir. Bu \u00fcst\u00fcn teknolojik kombinasyonu ile larvalar \u00fczerinde de \u00f6l\u00fcm g\u00f6stermektedir. B\u00f6ylece uygulama maliyetini d\u00fc\u015f\u00fcrmektedir.<\/div><\/li><\/ul>[\/vc_column_inner][vc_column_inner width=&#8221;1\/3&#8243;][vc_single_image image=&#8221;1780&#8243; img_size=&#8221;large&#8221;][\/vc_column_inner][\/vc_row_inner][vc_empty_space height=&#8221;15px&#8221;][\/vc_column][\/vc_row][vc_row][vc_column][vc_single_image image=&#8221;1784&#8243; img_size=&#8221;medium&#8221; alignment=&#8221;center&#8221;][vc_empty_space height=&#8221;15px&#8221;][\/vc_column][\/vc_row][vc_row][vc_column][vc_single_image image=&#8221;1794&#8243; img_size=&#8221;full&#8221; alignment=&#8221;center&#8221;][\/vc_column][\/vc_row][vc_row][vc_column][vc_separator color=&#8221;custom&#8221; border_width=&#8221;5&#8243; accent_color=&#8221;rgba(2,6,32,0.1)&#8221;][vc_empty_space height=&#8221;60px&#8221;][vc_custom_heading text=&#8221;Neden Natfen Larvador ?&#8221; font_container=&#8221;tag:h2|text_align:center&#8221; use_theme_fonts=&#8221;yes&#8221;][vc_empty_space height=&#8221;20px&#8221;]<ul class=\"iconlist iconlist iconlist-icon-small \"><li ><div class=\"iconlist-item-icon\"><i class=\"sl-check\"><\/i><span class=\"shapes\"><\/span><\/div><div class=\"iconlist-item-content\">Total etki elde etmek i\u00e7in; aktif madde ve bitkisel ya\u011f bazl\u0131 \u00e7\u00f6z\u00fcc\u00fc \u00f6zenle birle\u015ftirilmi\u015f, mikroem\u00fclsiyon form\u00fclasyon teknolojisi kullan\u0131larak em\u00fclsiyon konsantre form\u00fcle edilmi\u015ftir.<\/div><\/li><li ><div class=\"iconlist-item-icon\"><i class=\"sl-check\"><\/i><span class=\"shapes\"><\/span><\/div><div class=\"iconlist-item-content\">Ks\u0131len ve benzeri petrol t\u00fcrevleri i\u00e7ermez. \u0130\u00e7eri\u011findeki bitkisel ya\u011f bazl\u0131 \u00e7oz\u00fcc\u00fcden dolay\u0131 daha g\u00fcvenli kullar\u0131m imkan\u0131 sa\u011flar<\/div><\/li><li ><div class=\"iconlist-item-icon\"><i class=\"sl-check\"><\/i><span class=\"shapes\"><\/span><\/div><div class=\"iconlist-item-content\">\u0130\u00e7eri\u011finde etki artt\u0131r\u0131c\u0131 ve y\u00fczey gerilim ajan\u0131 bar\u0131nd\u0131ran \u00e7\u00f6z\u00fcc\u00fcs\u00fcnden dolay\u0131 kal\u0131c\u0131 uygulamalarda daha uzun s\u00fcre y\u00fcksek etkinlik g\u00f6sterir.<\/div><\/li><li ><div class=\"iconlist-item-icon\"><i class=\"sl-check\"><\/i><span class=\"shapes\"><\/span><\/div><div class=\"iconlist-item-content\">Natfen larvador fark\u0131 kontrol mekanizmas\u0131na sahip bitkisel ya\u011f bazl\u0131 \u00e7\u00f6z\u00fcc\u00fcler ile g\u00fc\u00e7lendirilmi\u015ftir.<\/div><\/li><li ><div class=\"iconlist-item-icon\"><i class=\"sl-check\"><\/i><span class=\"shapes\"><\/span><\/div><div class=\"iconlist-item-content\">\u00dcst\u00fcn teknolojik kombinasyonu ile larvalar \u00fczerinde de \u00f6l\u00fcm g\u00f6stermektedir. B\u00f6ylece uygulama maliyetini d\u00fc\u015f\u00fcrmektedir.<\/div><\/li><\/ul>[vc_empty_space height=&#8221;50px&#8221;][\/vc_column][\/vc_row][vc_row full_width=&#8221;stretch_row&#8221; css=&#8221;.vc_custom_1513769862845{padding-top: 60px !important;padding-bottom: 146px !important;background: #dd3333 url(https:\/\/fornat.com.tr\/tr\/wp-content\/uploads\/\/2017\/09\/bg-services.svg?id=78) !important;background-position: center !important;background-repeat: no-repeat !important;background-size: cover !important;}&#8221;][vc_column][vc_custom_heading text=&#8221;Kullanma \u015eekli&#8221; font_container=&#8221;tag:h2|text_align:center|color:%23ffffff&#8221; use_theme_fonts=&#8221;yes&#8221;][vc_empty_space height=&#8221;50px&#8221;][vc_column_text]<\/p>\n<p style=\"text-align: center;\"><span style=\"color: #ffffff;\">Natfen Larvador; su ile her oranda homojen bir \u015fekilde kar\u0131\u015fabilir. Mist Blowerlar ve s\u0131rt veya el p\u00fclvarizat\u00f6rleri ile kullan\u0131labilir.<br \/>\n<\/span><\/p>\n<p style=\"text-align: center;\"><span style=\"color: #ffffff;\">Natfen Larvador Sivrisinek ve Kronomid larvalar\u0131 i\u00e7in 7,5 ha alana uygulan\u0131r. Karasinek larvalar\u0131 i\u00e7in; 1 L Natfen Larvador 1500 m\u00b2 alan uygulan\u0131r<br \/>\n<\/span><\/p>\n<p>[\/vc_column_text][vc_empty_space height=&#8221;50px&#8221;][vc_single_image image=&#8221;1795&#8243; img_size=&#8221;full&#8221;][\/vc_column][\/vc_row]<\/p>\n","protected":false},"excerpt":{"rendered":"<p>[vc_row][vc_column][vc_row_inner content_placement=&#8221;middle&#8221; gap=&#8221;30&#8243;][vc_column_inner width=&#8221;2\/3&#8243;][\/vc_column_inner][vc_column_inner width=&#8221;1\/3&#8243;][vc_single_image image=&#8221;1780&#8243; img_size=&#8221;large&#8221;][\/vc_column_inner][\/vc_row_inner][vc_empty_space height=&#8221;15px&#8221;][\/vc_column][\/vc_row][vc_row][vc_column][vc_single_image image=&#8221;1784&#8243; img_size=&#8221;medium&#8221; alignment=&#8221;center&#8221;][vc_empty_space height=&#8221;15px&#8221;][\/vc_column][\/vc_row][vc_row][vc_column][vc_single_image image=&#8221;1794&#8243; img_size=&#8221;full&#8221; alignment=&#8221;center&#8221;][\/vc_column][\/vc_row][vc_row][vc_column][vc_separator color=&#8221;custom&#8221; border_width=&#8221;5&#8243; accent_color=&#8221;rgba(2,6,32,0.1)&#8221;][vc_empty_space height=&#8221;60px&#8221;][vc_custom_heading text=&#8221;Neden Natfen Larvador ?&#8221; font_container=&#8221;tag:h2|text_align:center&#8221; use_theme_fonts=&#8221;yes&#8221;][vc_empty_space height=&#8221;20px&#8221;][vc_empty_space height=&#8221;50px&#8221;][\/vc_column][\/vc_row][vc_row full_width=&#8221;stretch_row&#8221; css=&#8221;.vc_custom_1513769862845{padding-top: 60px !important;padding-bottom: 146px !important;background: #dd3333 url(https:\/\/fornat.com.tr\/tr\/wp-content\/uploads\/\/2017\/09\/bg-services.svg?id=78) !important;background-position: center !important;background-repeat: no-repeat !important;background-size: cover !important;}&#8221;][vc_column][vc_custom_heading text=&#8221;Kullanma \u015eekli&#8221; font_container=&#8221;tag:h2|text_align:center|color:%23ffffff&#8221; use_theme_fonts=&#8221;yes&#8221;][vc_empty_space height=&#8221;50px&#8221;][vc_column_text] Natfen Larvador; su ile her oranda homojen bir [&hellip;]<\/p>\n","protected":false},"author":1,"featured_media":0,"parent":0,"menu_order":0,"comment_status":"closed","ping_status":"closed","template":"","meta":{"footnotes":""},"class_list":["post-1793","page","type-page","status-publish","hentry"],"acf":[],"_links":{"self":[{"href":"https:\/\/fornat.com.tr\/tr\/wp-json\/wp\/v2\/pages\/1793","targetHints":{"allow":["GET"]}}],"collection":[{"href":"https:\/\/fornat.com.tr\/tr\/wp-json\/wp\/v2\/pages"}],"about":[{"href":"https:\/\/fornat.com.tr\/tr\/wp-json\/wp\/v2\/types\/page"}],"author":[{"embeddable":true,"href":"https:\/\/fornat.com.tr\/tr\/wp-json\/wp\/v2\/users\/1"}],"replies":[{"embeddable":true,"href":"https:\/\/fornat.com.tr\/tr\/wp-json\/wp\/v2\/comments?post=1793"}],"version-history":[{"count":3,"href":"https:\/\/fornat.com.tr\/tr\/wp-json\/wp\/v2\/pages\/1793\/revisions"}],"predecessor-version":[{"id":1879,"href":"https:\/\/fornat.com.tr\/tr\/wp-json\/wp\/v2\/pages\/1793\/revisions\/1879"}],"wp:attachment":[{"href":"https:\/\/fornat.com.tr\/tr\/wp-json\/wp\/v2\/media?parent=1793"}],"curies":[{"name":"wp","href":"https:\/\/api.w.org\/{rel}","templated":true}]}}