{"id":1767,"date":"2022-11-16T00:16:40","date_gmt":"2022-11-16T00:16:40","guid":{"rendered":"https:\/\/fornat.com.tr\/tr\/?page_id=1767"},"modified":"2022-11-17T10:20:36","modified_gmt":"2022-11-17T10:20:36","slug":"bayilik","status":"publish","type":"page","link":"https:\/\/fornat.com.tr\/tr\/bayilik\/","title":{"rendered":"Bayilik"},"content":{"rendered":"<p>[vc_row][vc_column][vc_column_text]<\/p>\n<p class=\"p1\" style=\"text-align: center;\">Her y\u0131l g\u00fc\u00e7lenerek b\u00fcy\u00fcyen firmam\u0131z, biyosidal \u00fcr\u00fcn pazar\u0131na; hem dan\u0131\u015fmanl\u0131k hem de yenilik\u00e7i \u00fcr\u00fcnleri ile y\u00f6n vermeye devam etmektedir.<br \/>\nAkdeniz B\u00f6lgesi, \u0130\u00e7 Anadolu B\u00f6lgesi, Do\u011fu Anadolu B\u00f6lgesi, Karadeniz B\u00f6lgesi ve G\u00fcneydo\u011fu Anadolu B\u00f6lgelerinde bayiler aramaktad\u0131r.<\/p>\n<p>[\/vc_column_text][vc_single_image image=&#8221;1708&#8243; img_size=&#8221;full&#8221;][vc_custom_heading text=&#8221;&#8216;DA\u0130MA B\u0130R ADIM \u00d6NDE OLMAK \u0130\u00c7\u0130N B\u0130ZE KATILIN'&#8221; font_container=&#8221;tag:h4|text_align:center|color:%231e73be&#8221;][vc_empty_space][vc_column_text]<\/p>\n<p class=\"p1\" style=\"text-align: center;\">Bayilik ile ilgili ba\u015fvurular\u0131n\u0131z\u0131 l\u00fctfen a\u015fa\u011f\u0131daki formu doldurarak bize iletiniz.<\/p>\n<p>[\/vc_column_text][vc_empty_space]\n<div class=\"wpcf7 no-js\" id=\"wpcf7-f59-o1\" lang=\"en-US\" dir=\"ltr\">\n<div class=\"screen-reader-response\"><p role=\"status\" aria-live=\"polite\" aria-atomic=\"true\"><\/p> <ul><\/ul><\/div>\n<form action=\"\/tr\/wp-json\/wp\/v2\/pages\/1767#wpcf7-f59-o1\" method=\"post\" class=\"wpcf7-form init\" aria-label=\"Contact form\" novalidate=\"novalidate\" data-status=\"init\">\n<div style=\"display: none;\">\n<input type=\"hidden\" name=\"_wpcf7\" value=\"59\" \/>\n<input type=\"hidden\" name=\"_wpcf7_version\" value=\"5.7.3\" \/>\n<input type=\"hidden\" name=\"_wpcf7_locale\" value=\"en_US\" \/>\n<input type=\"hidden\" name=\"_wpcf7_unit_tag\" value=\"wpcf7-f59-o1\" \/>\n<input type=\"hidden\" name=\"_wpcf7_container_post\" value=\"0\" \/>\n<input type=\"hidden\" name=\"_wpcf7_posted_data_hash\" value=\"\" \/>\n<\/div>\n<div class=\"form-request\">\n\t<div class=\"row\">\n\t\t<div class=\"columns columns-6\">\n\t\t\t<p><span class=\"wpcf7-form-control-wrap\" data-name=\"text-131\"><input size=\"40\" class=\"wpcf7-form-control wpcf7-text\" aria-invalid=\"false\" placeholder=\"Ad\u0131n\u0131z\" value=\"\" type=\"text\" name=\"text-131\" \/><\/span>\n\t\t\t<\/p>\n\t\t<\/div>\n\t\t<div class=\"columns columns-6\">\n\t\t\t<p><span class=\"wpcf7-form-control-wrap\" data-name=\"text-132\"><input size=\"40\" class=\"wpcf7-form-control wpcf7-text\" aria-invalid=\"false\" placeholder=\"Soyad\u0131n\u0131z\" value=\"\" type=\"text\" name=\"text-132\" \/><\/span>\n\t\t\t<\/p>\n\t\t<\/div>\n\t<\/div>\n\t<div class=\"row\">\n\t\t<div class=\"columns columns-6\">\n\t\t\t<p><span class=\"wpcf7-form-control-wrap\" data-name=\"email-451\"><input size=\"40\" class=\"wpcf7-form-control wpcf7-text wpcf7-email wpcf7-validates-as-email\" aria-invalid=\"false\" placeholder=\"Eposta Adresiniz\" value=\"\" type=\"email\" name=\"email-451\" \/><\/span>\n\t\t\t<\/p>\n\t\t<\/div>\n\t\t<div class=\"columns columns-6\">\n\t\t\t<p><span class=\"wpcf7-form-control-wrap\" data-name=\"text-133\"><input size=\"40\" class=\"wpcf7-form-control wpcf7-text\" aria-invalid=\"false\" placeholder=\"Telefon Numaran\u0131z\" value=\"\" type=\"text\" name=\"text-133\" \/><\/span>\n\t\t\t<\/p>\n\t\t<\/div>\n\t<\/div>\n\t<div class=\"row\">\n\t\t<div class=\"columns columns-6\">\n\t\t\t<p><span class=\"wpcf7-form-control-wrap\" data-name=\"text-134\"><input size=\"40\" class=\"wpcf7-form-control wpcf7-text\" aria-invalid=\"false\" placeholder=\"Firma Bilginiz\" value=\"\" type=\"text\" name=\"text-134\" \/><\/span>\n\t\t\t<\/p>\n\t\t<\/div>\n\t\t<div class=\"columns columns-6\">\n\t\t\t<p><span class=\"wpcf7-form-control-wrap\" data-name=\"menu-276\"><select class=\"wpcf7-form-control wpcf7-select\" aria-invalid=\"false\" name=\"menu-276\"><option value=\"Konu\">Konu<\/option><option value=\"Natmix DP\">Natmix DP<\/option><option value=\"Natper PLUS\">Natper PLUS<\/option><option value=\"Natfen Larvador\">Natfen Larvador<\/option><option value=\"Natper Sprey\">Natper Sprey<\/option><option value=\"Natcyper Plus\">Natcyper Plus<\/option><option value=\"Teknik Destek\">Teknik Destek<\/option><option value=\"Dan\u0131\u015fmanl\u0131k Hizmeti\">Dan\u0131\u015fmanl\u0131k Hizmeti<\/option><option value=\"Bayilik\">Bayilik<\/option><option value=\"\u0130\u015f Ba\u015fvurusu\">\u0130\u015f Ba\u015fvurusu<\/option><\/select><\/span>\n\t\t\t<\/p>\n\t\t<\/div>\n\t<\/div>\n\t<div class=\"row\">\n\t\t<div class=\"columns columns-12\">\n\t\t\t<p><span class=\"wpcf7-form-control-wrap\" data-name=\"textarea-551\"><textarea cols=\"40\" rows=\"10\" class=\"wpcf7-form-control wpcf7-textarea\" aria-invalid=\"false\" placeholder=\"Mesaj\u0131n\u0131z\" name=\"textarea-551\"><\/textarea><\/span>\n\t\t\t<\/p>\n\t\t<\/div>\n\t<\/div>\n\t<div class=\"row\">\n\t\t<div class=\"columns columns-12\">\n\t\t\t<p><input class=\"wpcf7-form-control has-spinner wpcf7-submit\" type=\"submit\" value=\"G\u00f6nder\" \/>\n\t\t\t<\/p>\n\t\t<\/div>\n\t<\/div>\n<\/div><div class=\"wpcf7-response-output\" aria-hidden=\"true\"><\/div>\n<\/form>\n<\/div>\n[\/vc_column][\/vc_row][vc_row][vc_column][\/vc_column][\/vc_row]<\/p>\n","protected":false},"excerpt":{"rendered":"<p>[vc_row][vc_column][vc_column_text] Her y\u0131l g\u00fc\u00e7lenerek b\u00fcy\u00fcyen firmam\u0131z, biyosidal \u00fcr\u00fcn pazar\u0131na; hem dan\u0131\u015fmanl\u0131k hem de yenilik\u00e7i \u00fcr\u00fcnleri ile y\u00f6n vermeye devam etmektedir. Akdeniz B\u00f6lgesi, \u0130\u00e7 Anadolu B\u00f6lgesi, Do\u011fu Anadolu B\u00f6lgesi, Karadeniz B\u00f6lgesi ve G\u00fcneydo\u011fu Anadolu B\u00f6lgelerinde bayiler aramaktad\u0131r. [\/vc_column_text][vc_single_image image=&#8221;1708&#8243; img_size=&#8221;full&#8221;][vc_custom_heading text=&#8221;&#8216;DA\u0130MA B\u0130R ADIM \u00d6NDE OLMAK \u0130\u00c7\u0130N B\u0130ZE KATILIN&#8217;&#8221; font_container=&#8221;tag:h4|text_align:center|color:%231e73be&#8221;][vc_empty_space][vc_column_text] Bayilik ile ilgili ba\u015fvurular\u0131n\u0131z\u0131 l\u00fctfen a\u015fa\u011f\u0131daki formu [&hellip;]<\/p>\n","protected":false},"author":1,"featured_media":0,"parent":0,"menu_order":0,"comment_status":"closed","ping_status":"closed","template":"","meta":{"footnotes":""},"class_list":["post-1767","page","type-page","status-publish","hentry"],"acf":[],"_links":{"self":[{"href":"https:\/\/fornat.com.tr\/tr\/wp-json\/wp\/v2\/pages\/1767","targetHints":{"allow":["GET"]}}],"collection":[{"href":"https:\/\/fornat.com.tr\/tr\/wp-json\/wp\/v2\/pages"}],"about":[{"href":"https:\/\/fornat.com.tr\/tr\/wp-json\/wp\/v2\/types\/page"}],"author":[{"embeddable":true,"href":"https:\/\/fornat.com.tr\/tr\/wp-json\/wp\/v2\/users\/1"}],"replies":[{"embeddable":true,"href":"https:\/\/fornat.com.tr\/tr\/wp-json\/wp\/v2\/comments?post=1767"}],"version-history":[{"count":12,"href":"https:\/\/fornat.com.tr\/tr\/wp-json\/wp\/v2\/pages\/1767\/revisions"}],"predecessor-version":[{"id":1864,"href":"https:\/\/fornat.com.tr\/tr\/wp-json\/wp\/v2\/pages\/1767\/revisions\/1864"}],"wp:attachment":[{"href":"https:\/\/fornat.com.tr\/tr\/wp-json\/wp\/v2\/media?parent=1767"}],"curies":[{"name":"wp","href":"https:\/\/api.w.org\/{rel}","templated":true}]}}