{"id":1761,"date":"2022-11-16T00:13:38","date_gmt":"2022-11-16T00:13:38","guid":{"rendered":"https:\/\/fornat.com.tr\/tr\/?page_id=1761"},"modified":"2022-11-17T10:24:34","modified_gmt":"2022-11-17T10:24:34","slug":"calisma-arkadaslari-ariyoruz","status":"publish","type":"page","link":"https:\/\/fornat.com.tr\/tr\/calisma-arkadaslari-ariyoruz\/","title":{"rendered":"\u00c7al\u0131\u015fma Arkada\u015flar\u0131 Ar\u0131yoruz"},"content":{"rendered":"<p>[vc_row][vc_column][vc_column_text]<\/p>\n<h6 style=\"text-align: center;\">Sat\u0131\u015f Sorumlusu<\/h6>\n<h6 style=\"text-align: left;\">\u0130\u015f Tan\u0131m\u0131<\/h6>\n<ul class=\"ul1\">\n<li class=\"li1\">Firma hedef ve politikalar\u0131na uygun olarak sahada ihtiya\u00e7 duyulan \u00e7\u00f6z\u00fcm\u00fcn, proje ve \u00fcr\u00fcnlerin m\u00fc\u015fterilere tan\u0131t\u0131m\u0131n\u0131 ve sat\u0131\u015f\u0131n\u0131 yapmak,<\/li>\n<li class=\"li1\">Firma sat\u0131\u015f politikas\u0131 ve stratejileri do\u011frultusunda mevcut m\u00fc\u015fteri portf\u00f6y\u00fcn\u00fc korumak ve yeni m\u00fc\u015fteriler kazand\u0131rmak,<\/li>\n<li class=\"li1\">D\u00fczenli m\u00fc\u015fteri ziyaretleri ger\u00e7ekle\u015ftirmek, yeni \u00fcr\u00fcn ve kampanyalardan m\u00fc\u015fterileri haberdar etmek,<\/li>\n<li class=\"li1\">Sorumlu oldu\u011fu b\u00f6lge i\u00e7in sat\u0131\u015f potansiyelini analiz etmek, rekabet uygulamalar\u0131n\u0131 takip etmek, sat\u0131\u015f artt\u0131r\u0131c\u0131 faaliyetleri \u00f6nermek ve kabul g\u00f6ren \u00f6nerilerin ger\u00e7ekle\u015fmesini sa\u011flamak,<\/li>\n<li class=\"li1\">G\u00fcnl\u00fck i\u015f plan\u0131n\u0131 olu\u015fturmak, ayl\u0131k, haftal\u0131k sat\u0131\u015f ve ziyaret raporu haz\u0131rlamak,<\/li>\n<li class=\"li1\">\u015eirket sat\u0131\u015f hedefleri ile uyumlu bireysel hedeflerini ger\u00e7ekle\u015ftirmek.<\/li>\n<\/ul>\n<h6>Yan Haklar:<\/h6>\n<ul class=\"ul1\">\n<li class=\"li1\">7\/24 Ara\u00e7<\/li>\n<li class=\"li1\">Performansa ba\u011fl\u0131 prim<\/li>\n<\/ul>\n<h6 class=\"p1\">Aranan Nitelikler<\/h6>\n<p class=\"p1\">Pazarlama\/\u00dcretim sekt\u00f6r\u00fcnde faaliyet g\u00f6steren kurumumuzun Pazarlama\/Sat\u0131\u015f B\u00f6l\u00fcm\u00fcnde g\u00f6revlendirilmek \u00fczere a\u015fa\u011f\u0131daki niteliklere uygun \u201cSat\u0131\u015f Sorumlusu\u201d ar\u0131yoruz.<\/p>\n<ul class=\"ul1\">\n<li class=\"li1\">\u00dcniversitelerin \u00c7evre M\u00fch. ,Kimya M\u00fch. \/ Kimya ,<span class=\"Apple-converted-space\">\u00a0 <\/span>Biyoloji, Veterinerlik, Ziraat Fak.( zootekni veya bitki koruma) v.b. b\u00f6l\u00fcmlerinden mezun,<\/li>\n<li class=\"li1\">Tercihen Biyosidal \u00fcr\u00fcn sat\u0131\u015f\u0131nda en az 2 y\u0131l deneyim sahibi,<\/li>\n<li class=\"li1\">Tercihen iyi seviyede \u0130ngilizce konu\u015fabilen,<\/li>\n<li class=\"li1\">Sahada \u00e7al\u0131\u015fmay\u0131 seven,<\/li>\n<li class=\"li1\">\u0130nsan ili\u015fkilerinde ba\u015far\u0131l\u0131, tak\u0131m \u00e7al\u0131\u015fmas\u0131na yatk\u0131n,<\/li>\n<li class=\"li1\">Analitik d\u00fc\u015f\u00fcnebilen,<\/li>\n<li class=\"li1\">Yaz\u0131l\u0131 ve s\u00f6zl\u00fc ileti\u015fim yetene\u011fi g\u00fc\u00e7l\u00fc,\u00a0ikna kabiliyetine y\u00fcksek,<\/li>\n<li class=\"li1\">\u00c7al\u0131\u015fma disiplinine sahip,<\/li>\n<li class=\"li1\">MS Office programlar\u0131na hakim,<\/li>\n<li class=\"li1\">B s\u0131n\u0131f\u0131 s\u00fcr\u00fcc\u00fc belgesi olan ve aktif ara\u00e7 kullanabilen,<\/li>\n<li class=\"li1\">Seyahat engeli olmayan.<\/li>\n<\/ul>\n<p>[\/vc_column_text][vc_empty_space][vc_single_image image=&#8221;1708&#8243; img_size=&#8221;full&#8221;][vc_custom_heading text=&#8221;&#8216;DA\u0130MA B\u0130R ADIM \u00d6NDE OLMAK \u0130\u00c7\u0130N B\u0130ZE KATILIN'&#8221; font_container=&#8221;tag:h4|text_align:center|color:%231e73be&#8221;][vc_empty_space]\n<div class=\"wpcf7 no-js\" id=\"wpcf7-f59-o1\" lang=\"en-US\" dir=\"ltr\">\n<div class=\"screen-reader-response\"><p role=\"status\" aria-live=\"polite\" aria-atomic=\"true\"><\/p> <ul><\/ul><\/div>\n<form action=\"\/tr\/wp-json\/wp\/v2\/pages\/1761#wpcf7-f59-o1\" method=\"post\" class=\"wpcf7-form init\" aria-label=\"Contact form\" novalidate=\"novalidate\" data-status=\"init\">\n<div style=\"display: none;\">\n<input type=\"hidden\" name=\"_wpcf7\" value=\"59\" \/>\n<input type=\"hidden\" name=\"_wpcf7_version\" value=\"5.7.3\" \/>\n<input type=\"hidden\" name=\"_wpcf7_locale\" value=\"en_US\" \/>\n<input type=\"hidden\" name=\"_wpcf7_unit_tag\" value=\"wpcf7-f59-o1\" \/>\n<input type=\"hidden\" name=\"_wpcf7_container_post\" value=\"0\" \/>\n<input type=\"hidden\" name=\"_wpcf7_posted_data_hash\" value=\"\" \/>\n<\/div>\n<div class=\"form-request\">\n\t<div class=\"row\">\n\t\t<div class=\"columns columns-6\">\n\t\t\t<p><span class=\"wpcf7-form-control-wrap\" data-name=\"text-131\"><input size=\"40\" class=\"wpcf7-form-control wpcf7-text\" aria-invalid=\"false\" placeholder=\"Ad\u0131n\u0131z\" value=\"\" type=\"text\" name=\"text-131\" \/><\/span>\n\t\t\t<\/p>\n\t\t<\/div>\n\t\t<div class=\"columns columns-6\">\n\t\t\t<p><span class=\"wpcf7-form-control-wrap\" data-name=\"text-132\"><input size=\"40\" class=\"wpcf7-form-control wpcf7-text\" aria-invalid=\"false\" placeholder=\"Soyad\u0131n\u0131z\" value=\"\" type=\"text\" name=\"text-132\" \/><\/span>\n\t\t\t<\/p>\n\t\t<\/div>\n\t<\/div>\n\t<div class=\"row\">\n\t\t<div class=\"columns columns-6\">\n\t\t\t<p><span class=\"wpcf7-form-control-wrap\" data-name=\"email-451\"><input size=\"40\" class=\"wpcf7-form-control wpcf7-text wpcf7-email wpcf7-validates-as-email\" aria-invalid=\"false\" placeholder=\"Eposta Adresiniz\" value=\"\" type=\"email\" name=\"email-451\" \/><\/span>\n\t\t\t<\/p>\n\t\t<\/div>\n\t\t<div class=\"columns columns-6\">\n\t\t\t<p><span class=\"wpcf7-form-control-wrap\" data-name=\"text-133\"><input size=\"40\" class=\"wpcf7-form-control wpcf7-text\" aria-invalid=\"false\" placeholder=\"Telefon Numaran\u0131z\" value=\"\" type=\"text\" name=\"text-133\" \/><\/span>\n\t\t\t<\/p>\n\t\t<\/div>\n\t<\/div>\n\t<div class=\"row\">\n\t\t<div class=\"columns columns-6\">\n\t\t\t<p><span class=\"wpcf7-form-control-wrap\" data-name=\"text-134\"><input size=\"40\" class=\"wpcf7-form-control wpcf7-text\" aria-invalid=\"false\" placeholder=\"Firma Bilginiz\" value=\"\" type=\"text\" name=\"text-134\" \/><\/span>\n\t\t\t<\/p>\n\t\t<\/div>\n\t\t<div class=\"columns columns-6\">\n\t\t\t<p><span class=\"wpcf7-form-control-wrap\" data-name=\"menu-276\"><select class=\"wpcf7-form-control wpcf7-select\" aria-invalid=\"false\" name=\"menu-276\"><option value=\"Konu\">Konu<\/option><option value=\"Natmix DP\">Natmix DP<\/option><option value=\"Natper PLUS\">Natper PLUS<\/option><option value=\"Natfen Larvador\">Natfen Larvador<\/option><option value=\"Natper Sprey\">Natper Sprey<\/option><option value=\"Natcyper Plus\">Natcyper Plus<\/option><option value=\"Teknik Destek\">Teknik Destek<\/option><option value=\"Dan\u0131\u015fmanl\u0131k Hizmeti\">Dan\u0131\u015fmanl\u0131k Hizmeti<\/option><option value=\"Bayilik\">Bayilik<\/option><option value=\"\u0130\u015f Ba\u015fvurusu\">\u0130\u015f Ba\u015fvurusu<\/option><\/select><\/span>\n\t\t\t<\/p>\n\t\t<\/div>\n\t<\/div>\n\t<div class=\"row\">\n\t\t<div class=\"columns columns-12\">\n\t\t\t<p><span class=\"wpcf7-form-control-wrap\" data-name=\"textarea-551\"><textarea cols=\"40\" rows=\"10\" class=\"wpcf7-form-control wpcf7-textarea\" aria-invalid=\"false\" placeholder=\"Mesaj\u0131n\u0131z\" name=\"textarea-551\"><\/textarea><\/span>\n\t\t\t<\/p>\n\t\t<\/div>\n\t<\/div>\n\t<div class=\"row\">\n\t\t<div class=\"columns columns-12\">\n\t\t\t<p><input class=\"wpcf7-form-control has-spinner wpcf7-submit\" type=\"submit\" value=\"G\u00f6nder\" \/>\n\t\t\t<\/p>\n\t\t<\/div>\n\t<\/div>\n<\/div><div class=\"wpcf7-response-output\" aria-hidden=\"true\"><\/div>\n<\/form>\n<\/div>\n[\/vc_column][\/vc_row]<\/p>\n","protected":false},"excerpt":{"rendered":"<p>[vc_row][vc_column][vc_column_text] Sat\u0131\u015f Sorumlusu \u0130\u015f Tan\u0131m\u0131 Firma hedef ve politikalar\u0131na uygun olarak sahada ihtiya\u00e7 duyulan \u00e7\u00f6z\u00fcm\u00fcn, proje ve \u00fcr\u00fcnlerin m\u00fc\u015fterilere tan\u0131t\u0131m\u0131n\u0131 ve sat\u0131\u015f\u0131n\u0131 yapmak, Firma sat\u0131\u015f politikas\u0131 ve stratejileri do\u011frultusunda mevcut m\u00fc\u015fteri portf\u00f6y\u00fcn\u00fc korumak ve yeni m\u00fc\u015fteriler kazand\u0131rmak, D\u00fczenli m\u00fc\u015fteri ziyaretleri ger\u00e7ekle\u015ftirmek, yeni \u00fcr\u00fcn ve kampanyalardan m\u00fc\u015fterileri haberdar etmek, Sorumlu oldu\u011fu b\u00f6lge i\u00e7in sat\u0131\u015f potansiyelini analiz [&hellip;]<\/p>\n","protected":false},"author":1,"featured_media":0,"parent":0,"menu_order":0,"comment_status":"closed","ping_status":"closed","template":"","meta":{"footnotes":""},"class_list":["post-1761","page","type-page","status-publish","hentry"],"acf":[],"_links":{"self":[{"href":"https:\/\/fornat.com.tr\/tr\/wp-json\/wp\/v2\/pages\/1761","targetHints":{"allow":["GET"]}}],"collection":[{"href":"https:\/\/fornat.com.tr\/tr\/wp-json\/wp\/v2\/pages"}],"about":[{"href":"https:\/\/fornat.com.tr\/tr\/wp-json\/wp\/v2\/types\/page"}],"author":[{"embeddable":true,"href":"https:\/\/fornat.com.tr\/tr\/wp-json\/wp\/v2\/users\/1"}],"replies":[{"embeddable":true,"href":"https:\/\/fornat.com.tr\/tr\/wp-json\/wp\/v2\/comments?post=1761"}],"version-history":[{"count":8,"href":"https:\/\/fornat.com.tr\/tr\/wp-json\/wp\/v2\/pages\/1761\/revisions"}],"predecessor-version":[{"id":1865,"href":"https:\/\/fornat.com.tr\/tr\/wp-json\/wp\/v2\/pages\/1761\/revisions\/1865"}],"wp:attachment":[{"href":"https:\/\/fornat.com.tr\/tr\/wp-json\/wp\/v2\/media?parent=1761"}],"curies":[{"name":"wp","href":"https:\/\/api.w.org\/{rel}","templated":true}]}}