{"id":1755,"date":"2022-11-16T00:06:52","date_gmt":"2022-11-16T00:06:52","guid":{"rendered":"https:\/\/fornat.com.tr\/tr\/?page_id=1755"},"modified":"2023-10-20T10:35:58","modified_gmt":"2023-10-20T10:35:58","slug":"duyurular","status":"publish","type":"page","link":"https:\/\/fornat.com.tr\/tr\/duyurular\/","title":{"rendered":"Duyurular"},"content":{"rendered":"<p>[vc_row][vc_column width=&#8221;1\/2&#8243;][vc_btn title=&#8221;BAY\u0130L\u0130K BA\u015eVURUSU&#8221; style=&#8221;outline&#8221; shape=&#8221;round&#8221; color=&#8221;primary&#8221; align=&#8221;center&#8221; button_block=&#8221;true&#8221; link=&#8221;url:https%3A%2F%2Ffornat.com.tr%2Ftr%2Fbayilik%2F&#8221;][\/vc_column][vc_column width=&#8221;1\/2&#8243;][vc_btn title=&#8221;KAR\u0130YER\/\u0130\u015e BA\u015eVURUSU&#8221; style=&#8221;outline&#8221; shape=&#8221;round&#8221; color=&#8221;primary&#8221; align=&#8221;center&#8221; button_block=&#8221;true&#8221; link=&#8221;url:https%3A%2F%2Ffornat.com.tr%2Ftr%2Fcalisma-arkadaslari-ariyoruz%2F&#8221;][\/vc_column][\/vc_row]<\/p>\n","protected":false},"excerpt":{"rendered":"<p>[vc_row][vc_column width=&#8221;1\/2&#8243;][vc_btn title=&#8221;BAY\u0130L\u0130K BA\u015eVURUSU&#8221; style=&#8221;outline&#8221; shape=&#8221;round&#8221; color=&#8221;primary&#8221; align=&#8221;center&#8221; button_block=&#8221;true&#8221; link=&#8221;url:https%3A%2F%2Ffornat.com.tr%2Ftr%2Fbayilik%2F&#8221;][\/vc_column][vc_column width=&#8221;1\/2&#8243;][vc_btn title=&#8221;KAR\u0130YER\/\u0130\u015e BA\u015eVURUSU&#8221; style=&#8221;outline&#8221; shape=&#8221;round&#8221; color=&#8221;primary&#8221; align=&#8221;center&#8221; button_block=&#8221;true&#8221; link=&#8221;url:https%3A%2F%2Ffornat.com.tr%2Ftr%2Fcalisma-arkadaslari-ariyoruz%2F&#8221;][\/vc_column][\/vc_row]<\/p>\n","protected":false},"author":1,"featured_media":0,"parent":0,"menu_order":0,"comment_status":"closed","ping_status":"closed","template":"","meta":{"footnotes":""},"class_list":["post-1755","page","type-page","status-publish","hentry"],"acf":[],"_links":{"self":[{"href":"https:\/\/fornat.com.tr\/tr\/wp-json\/wp\/v2\/pages\/1755","targetHints":{"allow":["GET"]}}],"collection":[{"href":"https:\/\/fornat.com.tr\/tr\/wp-json\/wp\/v2\/pages"}],"about":[{"href":"https:\/\/fornat.com.tr\/tr\/wp-json\/wp\/v2\/types\/page"}],"author":[{"embeddable":true,"href":"https:\/\/fornat.com.tr\/tr\/wp-json\/wp\/v2\/users\/1"}],"replies":[{"embeddable":true,"href":"https:\/\/fornat.com.tr\/tr\/wp-json\/wp\/v2\/comments?post=1755"}],"version-history":[{"count":11,"href":"https:\/\/fornat.com.tr\/tr\/wp-json\/wp\/v2\/pages\/1755\/revisions"}],"predecessor-version":[{"id":2532,"href":"https:\/\/fornat.com.tr\/tr\/wp-json\/wp\/v2\/pages\/1755\/revisions\/2532"}],"wp:attachment":[{"href":"https:\/\/fornat.com.tr\/tr\/wp-json\/wp\/v2\/media?parent=1755"}],"curies":[{"name":"wp","href":"https:\/\/api.w.org\/{rel}","templated":true}]}}