{"id":1752,"date":"2022-11-15T23:52:10","date_gmt":"2022-11-15T23:52:10","guid":{"rendered":"https:\/\/fornat.com.tr\/tr\/?page_id=1752"},"modified":"2022-11-15T23:54:52","modified_gmt":"2022-11-15T23:54:52","slug":"teknik-destek-hizmeti","status":"publish","type":"page","link":"https:\/\/fornat.com.tr\/tr\/teknik-destek-hizmeti\/","title":{"rendered":"Teknik Destek Hizmeti"},"content":{"rendered":"<p>[vc_row][vc_column width=&#8221;3\/4&#8243;][vc_column_text]<\/p>\n<h6><\/h6>\n<ul>\n<li style=\"list-style-type: none;\">\n<ul>\n<li>Firmam\u0131z teknik personelleri yakla\u015f\u0131k 20 y\u0131ll\u0131k sekt\u00f6r deneyimine sahip olup, her t\u00fcrl\u00fc uygulama metodlar\u0131 konusunda uzmand\u0131rlar.<\/li>\n<li>Diledi\u011finiz zaman \u00f6zellikle ilk uygulamalarda sahaya birlikte \u00e7\u0131k\u0131p, deneyimlerini sizlerle payla\u015fmaktan onur duyacaklard\u0131r.<\/li>\n<li>Teknik destek i\u00e7in l\u00fctfen <a href=\"https:\/\/fornat.com.tr\/tr\/iletisim\/\">bize ula\u015f\u0131n.<\/a><\/li>\n<\/ul>\n<\/li>\n<\/ul>\n<p>[\/vc_column_text][\/vc_column][\/vc_row]<\/p>\n","protected":false},"excerpt":{"rendered":"<p>[vc_row][vc_column width=&#8221;3\/4&#8243;][vc_column_text] Firmam\u0131z teknik personelleri yakla\u015f\u0131k 20 y\u0131ll\u0131k sekt\u00f6r deneyimine sahip olup, her t\u00fcrl\u00fc uygulama metodlar\u0131 konusunda uzmand\u0131rlar. Diledi\u011finiz zaman \u00f6zellikle ilk uygulamalarda sahaya birlikte \u00e7\u0131k\u0131p, deneyimlerini sizlerle payla\u015fmaktan onur duyacaklard\u0131r. Teknik destek i\u00e7in l\u00fctfen bize ula\u015f\u0131n. [\/vc_column_text][\/vc_column][\/vc_row]<\/p>\n","protected":false},"author":1,"featured_media":0,"parent":0,"menu_order":0,"comment_status":"closed","ping_status":"closed","template":"","meta":{"footnotes":""},"class_list":["post-1752","page","type-page","status-publish","hentry"],"acf":[],"_links":{"self":[{"href":"https:\/\/fornat.com.tr\/tr\/wp-json\/wp\/v2\/pages\/1752","targetHints":{"allow":["GET"]}}],"collection":[{"href":"https:\/\/fornat.com.tr\/tr\/wp-json\/wp\/v2\/pages"}],"about":[{"href":"https:\/\/fornat.com.tr\/tr\/wp-json\/wp\/v2\/types\/page"}],"author":[{"embeddable":true,"href":"https:\/\/fornat.com.tr\/tr\/wp-json\/wp\/v2\/users\/1"}],"replies":[{"embeddable":true,"href":"https:\/\/fornat.com.tr\/tr\/wp-json\/wp\/v2\/comments?post=1752"}],"version-history":[{"count":1,"href":"https:\/\/fornat.com.tr\/tr\/wp-json\/wp\/v2\/pages\/1752\/revisions"}],"predecessor-version":[{"id":1753,"href":"https:\/\/fornat.com.tr\/tr\/wp-json\/wp\/v2\/pages\/1752\/revisions\/1753"}],"wp:attachment":[{"href":"https:\/\/fornat.com.tr\/tr\/wp-json\/wp\/v2\/media?parent=1752"}],"curies":[{"name":"wp","href":"https:\/\/api.w.org\/{rel}","templated":true}]}}